{"id":2567,"date":"2024-04-12T07:58:20","date_gmt":"2024-04-12T14:58:20","guid":{"rendered":"https:\/\/pocencoffee.com\/?post_type=product&#038;p=2567"},"modified":"2024-04-12T08:09:42","modified_gmt":"2024-04-12T15:09:42","slug":"caja-de-acero-inoxidable-de-fabrica","status":"publish","type":"product","link":"https:\/\/pocencoffee.com\/es\/product\/caja-de-acero-inoxidable-de-fabrica\/","title":{"rendered":"Caja de residuos de acero inoxidable de f\u00e1brica"},"content":{"rendered":"<p><strong>Caja de residuos de acero inoxidable de f\u00e1brica<\/strong><\/p>\n<p>Esta caja de golpeo est\u00e1 fabricada en acero inoxidable, con una varilla de golpeo suave.<\/p>\n<p>La varilla de percusi\u00f3n est\u00e1 recubierta de un material grueso y suave.  Es lo suficientemente resistente como para soportar cada golpe, adem\u00e1s de emitir un sonido suave.<\/p>\n<p>Hay 3 tama\u00f1os.<\/p>\n<p>Cont\u00e1ctenos para obtener un presupuesto para su pedido.<\/p>\n<p><img fetchpriority=\"high\" decoding=\"async\" class=\"alignnone size-medium wp-image-2572\" style=\"font-weight: inherit;\" src=\"https:\/\/pocencoffee.com\/wp-content\/uploads\/2024\/04\/CKL-small-SS-knock-bin-300x300.jpg\" alt=\"\" width=\"300\" height=\"300\" title=\"\" srcset=\"https:\/\/pocencoffee.com\/wp-content\/uploads\/2024\/04\/CKL-small-SS-knock-bin-300x300.jpg 300w, https:\/\/pocencoffee.com\/wp-content\/uploads\/2024\/04\/CKL-small-SS-knock-bin-150x150.jpg 150w, https:\/\/pocencoffee.com\/wp-content\/uploads\/2024\/04\/CKL-small-SS-knock-bin-100x100.jpg 100w, https:\/\/pocencoffee.com\/wp-content\/uploads\/2024\/04\/CKL-small-SS-knock-bin.jpg 600w\" sizes=\"(max-width: 300px) 100vw, 300px\" \/><img decoding=\"async\" class=\"alignnone size-medium wp-image-2571\" src=\"https:\/\/pocencoffee.com\/wp-content\/uploads\/2024\/04\/CKL-large-knock-bin-300x300.jpg\" alt=\"\" width=\"300\" height=\"300\" title=\"\" srcset=\"https:\/\/pocencoffee.com\/wp-content\/uploads\/2024\/04\/CKL-large-knock-bin-300x300.jpg 300w, https:\/\/pocencoffee.com\/wp-content\/uploads\/2024\/04\/CKL-large-knock-bin-150x150.jpg 150w, https:\/\/pocencoffee.com\/wp-content\/uploads\/2024\/04\/CKL-large-knock-bin-100x100.jpg 100w, https:\/\/pocencoffee.com\/wp-content\/uploads\/2024\/04\/CKL-large-knock-bin.jpg 600w\" sizes=\"(max-width: 300px) 100vw, 300px\" \/> \u00a0<img decoding=\"async\" class=\"alignnone size-medium wp-image-2573\" src=\"https:\/\/pocencoffee.com\/wp-content\/uploads\/2024\/04\/CKL-xl-knock-bin-300x300.jpg\" alt=\"\" width=\"300\" height=\"300\" title=\"\" srcset=\"https:\/\/pocencoffee.com\/wp-content\/uploads\/2024\/04\/CKL-xl-knock-bin-300x300.jpg 300w, https:\/\/pocencoffee.com\/wp-content\/uploads\/2024\/04\/CKL-xl-knock-bin-150x150.jpg 150w, https:\/\/pocencoffee.com\/wp-content\/uploads\/2024\/04\/CKL-xl-knock-bin-100x100.jpg 100w, https:\/\/pocencoffee.com\/wp-content\/uploads\/2024\/04\/CKL-xl-knock-bin.jpg 600w\" sizes=\"(max-width: 300px) 100vw, 300px\" \/><\/p>","protected":false},"excerpt":{"rendered":"<p><strong>Caja de acero inoxidable<\/strong><\/p>\n<p>Material: acero inoxidable 201, varilla blanda.<\/p>\n<p>Tama\u00f1o: 18x16x9,5cm; 17,5\u00d716,5\u00d714,5cm; 26,5x16x10cm.<\/p>\n<p>Color: como en la imagen, o color negro.<\/p>\n<p>Requisitos personalizados: logotipo, embalaje<\/p>","protected":false},"featured_media":2568,"template":"","meta":[],"product_brand":[],"product_cat":[25],"product_tag":[],"class_list":{"0":"post-2567","1":"product","2":"type-product","3":"status-publish","4":"has-post-thumbnail","6":"product_cat-knock-box","8":"first","9":"instock","10":"shipping-taxable","11":"product-type-simple"},"_links":{"self":[{"href":"https:\/\/pocencoffee.com\/es\/wp-json\/wp\/v2\/product\/2567","targetHints":{"allow":["GET"]}}],"collection":[{"href":"https:\/\/pocencoffee.com\/es\/wp-json\/wp\/v2\/product"}],"about":[{"href":"https:\/\/pocencoffee.com\/es\/wp-json\/wp\/v2\/types\/product"}],"version-history":[{"count":1,"href":"https:\/\/pocencoffee.com\/es\/wp-json\/wp\/v2\/product\/2567\/revisions"}],"predecessor-version":[{"id":2574,"href":"https:\/\/pocencoffee.com\/es\/wp-json\/wp\/v2\/product\/2567\/revisions\/2574"}],"wp:featuredmedia":[{"embeddable":true,"href":"https:\/\/pocencoffee.com\/es\/wp-json\/wp\/v2\/media\/2568"}],"wp:attachment":[{"href":"https:\/\/pocencoffee.com\/es\/wp-json\/wp\/v2\/media?parent=2567"}],"wp:term":[{"taxonomy":"product_brand","embeddable":true,"href":"https:\/\/pocencoffee.com\/es\/wp-json\/wp\/v2\/product_brand?post=2567"},{"taxonomy":"product_cat","embeddable":true,"href":"https:\/\/pocencoffee.com\/es\/wp-json\/wp\/v2\/product_cat?post=2567"},{"taxonomy":"product_tag","embeddable":true,"href":"https:\/\/pocencoffee.com\/es\/wp-json\/wp\/v2\/product_tag?post=2567"}],"curies":[{"name":"wp","href":"https:\/\/api.w.org\/{rel}","templated":true}]}}