{"id":2575,"date":"2024-04-12T08:29:21","date_gmt":"2024-04-12T15:29:21","guid":{"rendered":"https:\/\/pocencoffee.com\/?post_type=product&#038;p=2575"},"modified":"2024-04-12T08:29:21","modified_gmt":"2024-04-12T15:29:21","slug":"cafetera-de-pie-tipo-comercial","status":"publish","type":"product","link":"https:\/\/pocencoffee.com\/es\/product\/cafetera-de-pie-tipo-comercial\/","title":{"rendered":"Caja para posos de caf\u00e9 de tipo comercial"},"content":{"rendered":"<p><strong>Cafetera de pie tipo comercial<\/strong><\/p>\n<p>Tubo golpeador de posos de caf\u00e9 de pie para uso comercial, tama\u00f1o perfecto para cafeter\u00edas, restaurantes y tiendas de bebidas.<\/p>\n<p>Est\u00e1 hecho de pl\u00e1stico ABS duradero, tiene una varilla de golpeo envuelta en pl\u00e1stico grueso y suave, y es lo suficientemente resistente como para soportar los golpes todos los d\u00edas.<\/p>\n<p>P\u00f3ngase en contacto con nosotros para obtener un presupuesto.<\/p>","protected":false},"excerpt":{"rendered":"<p><strong>caja para caf\u00e9 de pie<\/strong><\/p>\n<p>Material : Pl\u00e1stico ABS.<\/p>\n<p>Tama\u00f1o: 86cm H * Body Dia.16cm *Bottom Dia. 22cm<\/p>\n<p>Color : negro , blanco.<\/p>\n<p>Logotipo : S\u00ed.<\/p>","protected":false},"featured_media":2576,"template":"","meta":[],"product_brand":[],"product_cat":[25],"product_tag":[],"class_list":{"0":"post-2575","1":"product","2":"type-product","3":"status-publish","4":"has-post-thumbnail","6":"product_cat-knock-box","8":"first","9":"instock","10":"shipping-taxable","11":"product-type-simple"},"_links":{"self":[{"href":"https:\/\/pocencoffee.com\/es\/wp-json\/wp\/v2\/product\/2575","targetHints":{"allow":["GET"]}}],"collection":[{"href":"https:\/\/pocencoffee.com\/es\/wp-json\/wp\/v2\/product"}],"about":[{"href":"https:\/\/pocencoffee.com\/es\/wp-json\/wp\/v2\/types\/product"}],"version-history":[{"count":2,"href":"https:\/\/pocencoffee.com\/es\/wp-json\/wp\/v2\/product\/2575\/revisions"}],"predecessor-version":[{"id":2583,"href":"https:\/\/pocencoffee.com\/es\/wp-json\/wp\/v2\/product\/2575\/revisions\/2583"}],"wp:featuredmedia":[{"embeddable":true,"href":"https:\/\/pocencoffee.com\/es\/wp-json\/wp\/v2\/media\/2576"}],"wp:attachment":[{"href":"https:\/\/pocencoffee.com\/es\/wp-json\/wp\/v2\/media?parent=2575"}],"wp:term":[{"taxonomy":"product_brand","embeddable":true,"href":"https:\/\/pocencoffee.com\/es\/wp-json\/wp\/v2\/product_brand?post=2575"},{"taxonomy":"product_cat","embeddable":true,"href":"https:\/\/pocencoffee.com\/es\/wp-json\/wp\/v2\/product_cat?post=2575"},{"taxonomy":"product_tag","embeddable":true,"href":"https:\/\/pocencoffee.com\/es\/wp-json\/wp\/v2\/product_tag?post=2575"}],"curies":[{"name":"wp","href":"https:\/\/api.w.org\/{rel}","templated":true}]}}