{"id":2668,"date":"2024-04-25T03:41:12","date_gmt":"2024-04-25T10:41:12","guid":{"rendered":"https:\/\/pocencoffee.com\/?post_type=product&#038;p=2668"},"modified":"2024-04-25T03:41:12","modified_gmt":"2024-04-25T10:41:12","slug":"cuerpo-de-plastico-molinillo-de-cafe-manual","status":"publish","type":"product","link":"https:\/\/pocencoffee.com\/es\/product\/cuerpo-de-plastico-molinillo-de-cafe-manual\/","title":{"rendered":"Molino de caf\u00e9 manual con cuerpo de pl\u00e1stico"},"content":{"rendered":"<p><strong>Molino de caf\u00e9 manual con cuerpo de pl\u00e1stico<\/strong><\/p>\n<p>Molino de caf\u00e9 que permite ajustar el grosor del molido, desde grueso hasta fino, mediante un tornillo.<\/p>\n<p>Hay 12 puntos de ajuste.<\/p>\n<p>El n\u00facleo de rectificado es de acero inoxidable 420 por CNC, producci\u00f3n de alta calidad. As\u00ed como buena dureza para asegurar la vida de uso de la molienda de n\u00facleo.<\/p>\n<p><img fetchpriority=\"high\" decoding=\"async\" class=\"alignnone size-medium wp-image-2672\" src=\"https:\/\/pocencoffee.com\/wp-content\/uploads\/2024\/04\/Manual-coffee-grinder-packaging-300x300.jpg\" alt=\"\" width=\"300\" height=\"300\" title=\"\" srcset=\"https:\/\/pocencoffee.com\/wp-content\/uploads\/2024\/04\/Manual-coffee-grinder-packaging-300x300.jpg 300w, https:\/\/pocencoffee.com\/wp-content\/uploads\/2024\/04\/Manual-coffee-grinder-packaging-150x150.jpg 150w, https:\/\/pocencoffee.com\/wp-content\/uploads\/2024\/04\/Manual-coffee-grinder-packaging-100x100.jpg 100w, https:\/\/pocencoffee.com\/wp-content\/uploads\/2024\/04\/Manual-coffee-grinder-packaging.jpg 350w\" sizes=\"(max-width: 300px) 100vw, 300px\" \/><\/p>","protected":false},"excerpt":{"rendered":"<p>Molino de caf\u00e9 manual<\/p>\n<p>Material : Pl\u00e1stico ABS, amoladora de acero inoxidable 420; pomo de madera.<\/p>\n<p>Capacidad: M\u00e1ximo 20 g de caf\u00e9 en grano.<\/p>\n<p>Color: negro, verde, blanco.<\/p>\n<p>Personalizaci\u00f3n: logotipo, color, embalaje.<\/p>","protected":false},"featured_media":2669,"template":"","meta":[],"product_brand":[],"product_cat":[27],"product_tag":[],"class_list":{"0":"post-2668","1":"product","2":"type-product","3":"status-publish","4":"has-post-thumbnail","6":"product_cat-manual-coffee-grinder","8":"first","9":"instock","10":"shipping-taxable","11":"product-type-simple"},"_links":{"self":[{"href":"https:\/\/pocencoffee.com\/es\/wp-json\/wp\/v2\/product\/2668","targetHints":{"allow":["GET"]}}],"collection":[{"href":"https:\/\/pocencoffee.com\/es\/wp-json\/wp\/v2\/product"}],"about":[{"href":"https:\/\/pocencoffee.com\/es\/wp-json\/wp\/v2\/types\/product"}],"version-history":[{"count":1,"href":"https:\/\/pocencoffee.com\/es\/wp-json\/wp\/v2\/product\/2668\/revisions"}],"predecessor-version":[{"id":2673,"href":"https:\/\/pocencoffee.com\/es\/wp-json\/wp\/v2\/product\/2668\/revisions\/2673"}],"wp:featuredmedia":[{"embeddable":true,"href":"https:\/\/pocencoffee.com\/es\/wp-json\/wp\/v2\/media\/2669"}],"wp:attachment":[{"href":"https:\/\/pocencoffee.com\/es\/wp-json\/wp\/v2\/media?parent=2668"}],"wp:term":[{"taxonomy":"product_brand","embeddable":true,"href":"https:\/\/pocencoffee.com\/es\/wp-json\/wp\/v2\/product_brand?post=2668"},{"taxonomy":"product_cat","embeddable":true,"href":"https:\/\/pocencoffee.com\/es\/wp-json\/wp\/v2\/product_cat?post=2668"},{"taxonomy":"product_tag","embeddable":true,"href":"https:\/\/pocencoffee.com\/es\/wp-json\/wp\/v2\/product_tag?post=2668"}],"curies":[{"name":"wp","href":"https:\/\/api.w.org\/{rel}","templated":true}]}}