{"id":2674,"date":"2024-04-26T06:10:44","date_gmt":"2024-04-26T13:10:44","guid":{"rendered":"https:\/\/pocencoffee.com\/?post_type=product&#038;p=2674"},"modified":"2024-04-26T07:03:07","modified_gmt":"2024-04-26T14:03:07","slug":"aleacion-de-aluminio-mano-crack-molinillo-de-cafe","status":"publish","type":"product","link":"https:\/\/pocencoffee.com\/es\/product\/aleacion-de-aluminio-mano-crack-molinillo-de-cafe\/","title":{"rendered":"Molino de caf\u00e9 manual de aleaci\u00f3n de aluminio"},"content":{"rendered":"<p><strong>Molino de caf\u00e9 manual de aleaci\u00f3n de aluminio<\/strong><\/p>\n<p>Molino de caf\u00e9 que permite ajustar el grosor del molido, desde grueso hasta fino, mediante un tornillo.<\/p>\n<p>Hay 12 puntos de ajuste.<\/p>\n<p>El n\u00facleo est\u00e1 fabricado en acero inoxidable 420 mediante CNC, lo que garantiza una alta calidad de producci\u00f3n. Adem\u00e1s, su buena dureza asegura la vida \u00fatil del n\u00facleo.<\/p>\n<p><img fetchpriority=\"high\" decoding=\"async\" class=\"alignnone size-medium wp-image-2678\" src=\"https:\/\/pocencoffee.com\/wp-content\/uploads\/2024\/04\/MGD-03-300x300.jpg\" alt=\"\" width=\"300\" height=\"300\" title=\"\" srcset=\"https:\/\/pocencoffee.com\/wp-content\/uploads\/2024\/04\/MGD-03-300x300.jpg 300w, https:\/\/pocencoffee.com\/wp-content\/uploads\/2024\/04\/MGD-03-150x150.jpg 150w, https:\/\/pocencoffee.com\/wp-content\/uploads\/2024\/04\/MGD-03-100x100.jpg 100w, https:\/\/pocencoffee.com\/wp-content\/uploads\/2024\/04\/MGD-03.jpg 500w\" sizes=\"(max-width: 300px) 100vw, 300px\" \/><\/p>","protected":false},"excerpt":{"rendered":"<p><strong>molinillo de caf\u00e9 manual crack<\/strong><\/p>\n<p>Material : aleaci\u00f3n de aluminio, amoladora de acero inoxidable 420; pomo de madera.<\/p>\n<p>Capacidad: M\u00e1ximo 20 g de caf\u00e9 en grano.<\/p>\n<p>Color : negro , verde , plateado.<\/p>\n<p>Personalizaci\u00f3n: logotipo, color, embalaje.<\/p>","protected":false},"featured_media":2675,"template":"","meta":[],"product_brand":[],"product_cat":[27],"product_tag":[],"class_list":{"0":"post-2674","1":"product","2":"type-product","3":"status-publish","4":"has-post-thumbnail","6":"product_cat-manual-coffee-grinder","8":"first","9":"instock","10":"shipping-taxable","11":"product-type-simple"},"_links":{"self":[{"href":"https:\/\/pocencoffee.com\/es\/wp-json\/wp\/v2\/product\/2674","targetHints":{"allow":["GET"]}}],"collection":[{"href":"https:\/\/pocencoffee.com\/es\/wp-json\/wp\/v2\/product"}],"about":[{"href":"https:\/\/pocencoffee.com\/es\/wp-json\/wp\/v2\/types\/product"}],"version-history":[{"count":2,"href":"https:\/\/pocencoffee.com\/es\/wp-json\/wp\/v2\/product\/2674\/revisions"}],"predecessor-version":[{"id":2680,"href":"https:\/\/pocencoffee.com\/es\/wp-json\/wp\/v2\/product\/2674\/revisions\/2680"}],"wp:featuredmedia":[{"embeddable":true,"href":"https:\/\/pocencoffee.com\/es\/wp-json\/wp\/v2\/media\/2675"}],"wp:attachment":[{"href":"https:\/\/pocencoffee.com\/es\/wp-json\/wp\/v2\/media?parent=2674"}],"wp:term":[{"taxonomy":"product_brand","embeddable":true,"href":"https:\/\/pocencoffee.com\/es\/wp-json\/wp\/v2\/product_brand?post=2674"},{"taxonomy":"product_cat","embeddable":true,"href":"https:\/\/pocencoffee.com\/es\/wp-json\/wp\/v2\/product_cat?post=2674"},{"taxonomy":"product_tag","embeddable":true,"href":"https:\/\/pocencoffee.com\/es\/wp-json\/wp\/v2\/product_tag?post=2674"}],"curies":[{"name":"wp","href":"https:\/\/api.w.org\/{rel}","templated":true}]}}