{"id":2737,"date":"2024-04-26T22:20:43","date_gmt":"2024-04-27T05:20:43","guid":{"rendered":"https:\/\/pocencoffee.com\/?post_type=product&#038;p=2737"},"modified":"2024-04-26T22:26:19","modified_gmt":"2024-04-27T05:26:19","slug":"portavasos-desechables-cafe-pequeno","status":"publish","type":"product","link":"https:\/\/pocencoffee.com\/es\/product\/portavasos-desechables-cafe-pequeno\/","title":{"rendered":"Portavasos desechable caf\u00e9 peque\u00f1o"},"content":{"rendered":"<p><strong>Portavasos desechable caf\u00e9 peque\u00f1o<\/strong><\/p>\n<p>Este organizador de mesa est\u00e1 dise\u00f1ado con 2 secciones para sujetar vasos de papel.<\/p>\n<p>Su tama\u00f1o est\u00e1 bastante bien para una sala de descanso de una empresa, una peque\u00f1a cafeter\u00eda o cualquier lugar que necesite vasos de papel, pero no en una cantidad tan grande.<\/p>\n<p>Aunque sea peque\u00f1o, mantiene la mesa limpia y organizada.<\/p>\n<p><img fetchpriority=\"high\" decoding=\"async\" class=\"alignnone size-medium wp-image-2739\" src=\"https:\/\/pocencoffee.com\/wp-content\/uploads\/2024\/04\/CSF02-cup-houlders-300x300.jpg\" alt=\"\" width=\"300\" height=\"300\" title=\"\" srcset=\"https:\/\/pocencoffee.com\/wp-content\/uploads\/2024\/04\/CSF02-cup-houlders-300x300.jpg 300w, https:\/\/pocencoffee.com\/wp-content\/uploads\/2024\/04\/CSF02-cup-houlders-150x150.jpg 150w, https:\/\/pocencoffee.com\/wp-content\/uploads\/2024\/04\/CSF02-cup-houlders-100x100.jpg 100w, https:\/\/pocencoffee.com\/wp-content\/uploads\/2024\/04\/CSF02-cup-houlders.jpg 600w\" sizes=\"(max-width: 300px) 100vw, 300px\" \/><\/p>","protected":false},"excerpt":{"rendered":"<p><strong>Soporte para vasos de papel, soporte para vasos desechables de caf\u00e9<\/strong><\/p>\n<p>Material : Pl\u00e1stico ABS.<\/p>\n<p>Logotipo : mediante serigraf\u00eda.<\/p>\n<p>Color : negro, rojo, marr\u00f3n, o personalizado.<\/p>","protected":false},"featured_media":2738,"template":"","meta":[],"product_brand":[],"product_cat":[28],"product_tag":[],"class_list":{"0":"post-2737","1":"product","2":"type-product","3":"status-publish","4":"has-post-thumbnail","6":"product_cat-more-tools","8":"first","9":"instock","10":"shipping-taxable","11":"product-type-simple"},"_links":{"self":[{"href":"https:\/\/pocencoffee.com\/es\/wp-json\/wp\/v2\/product\/2737","targetHints":{"allow":["GET"]}}],"collection":[{"href":"https:\/\/pocencoffee.com\/es\/wp-json\/wp\/v2\/product"}],"about":[{"href":"https:\/\/pocencoffee.com\/es\/wp-json\/wp\/v2\/types\/product"}],"version-history":[{"count":1,"href":"https:\/\/pocencoffee.com\/es\/wp-json\/wp\/v2\/product\/2737\/revisions"}],"predecessor-version":[{"id":2740,"href":"https:\/\/pocencoffee.com\/es\/wp-json\/wp\/v2\/product\/2737\/revisions\/2740"}],"wp:featuredmedia":[{"embeddable":true,"href":"https:\/\/pocencoffee.com\/es\/wp-json\/wp\/v2\/media\/2738"}],"wp:attachment":[{"href":"https:\/\/pocencoffee.com\/es\/wp-json\/wp\/v2\/media?parent=2737"}],"wp:term":[{"taxonomy":"product_brand","embeddable":true,"href":"https:\/\/pocencoffee.com\/es\/wp-json\/wp\/v2\/product_brand?post=2737"},{"taxonomy":"product_cat","embeddable":true,"href":"https:\/\/pocencoffee.com\/es\/wp-json\/wp\/v2\/product_cat?post=2737"},{"taxonomy":"product_tag","embeddable":true,"href":"https:\/\/pocencoffee.com\/es\/wp-json\/wp\/v2\/product_tag?post=2737"}],"curies":[{"name":"wp","href":"https:\/\/api.w.org\/{rel}","templated":true}]}}