{"id":2741,"date":"2024-04-26T22:27:26","date_gmt":"2024-04-27T05:27:26","guid":{"rendered":"https:\/\/pocencoffee.com\/?post_type=product&#038;p=2741"},"modified":"2024-04-26T22:34:08","modified_gmt":"2024-04-27T05:34:08","slug":"organizador-portavasos-giratorio-de-diseno-perfecto","status":"publish","type":"product","link":"https:\/\/pocencoffee.com\/es\/product\/organizador-portavasos-giratorio-de-diseno-perfecto\/","title":{"rendered":"Organizador portavasos giratorio de dise\u00f1o perfecto"},"content":{"rendered":"<p><strong>Organizador portavasos giratorio de dise\u00f1o perfecto<\/strong><\/p>\n<p>Este organizador de mesa est\u00e1 dise\u00f1ado con 4 secciones para sujetar vasos de papel.<\/p>\n<p>Es adecuado para la cafeter\u00eda , sala de descanso de la empresa, una peque\u00f1a cafeter\u00eda, o cualquier lugar que necesite vasos de papel.<\/p>\n<p>Mantiene la mesa limpia y organizada.<\/p>\n<p><img fetchpriority=\"high\" decoding=\"async\" class=\"alignnone size-medium wp-image-2742\" src=\"https:\/\/pocencoffee.com\/wp-content\/uploads\/2024\/04\/CSG04-300x300.jpg\" alt=\"\" width=\"300\" height=\"300\" title=\"\" srcset=\"https:\/\/pocencoffee.com\/wp-content\/uploads\/2024\/04\/CSG04-300x300.jpg 300w, https:\/\/pocencoffee.com\/wp-content\/uploads\/2024\/04\/CSG04-150x150.jpg 150w, https:\/\/pocencoffee.com\/wp-content\/uploads\/2024\/04\/CSG04-100x100.jpg 100w, https:\/\/pocencoffee.com\/wp-content\/uploads\/2024\/04\/CSG04.jpg 600w\" sizes=\"(max-width: 300px) 100vw, 300px\" \/><\/p>","protected":false},"excerpt":{"rendered":"<p><strong>portavasos caf\u00e9 desechable,portavasos giratorio organizador<\/strong><\/p>\n<p>Material : Pl\u00e1stico ABS.<\/p>\n<p>Logotipo : mediante serigraf\u00eda.<\/p>\n<p>Color : negro, rojo, marr\u00f3n, o personalizado.<\/p>","protected":false},"featured_media":2743,"template":"","meta":[],"product_brand":[],"product_cat":[28],"product_tag":[],"class_list":{"0":"post-2741","1":"product","2":"type-product","3":"status-publish","4":"has-post-thumbnail","6":"product_cat-more-tools","8":"first","9":"instock","10":"shipping-taxable","11":"product-type-simple"},"_links":{"self":[{"href":"https:\/\/pocencoffee.com\/es\/wp-json\/wp\/v2\/product\/2741","targetHints":{"allow":["GET"]}}],"collection":[{"href":"https:\/\/pocencoffee.com\/es\/wp-json\/wp\/v2\/product"}],"about":[{"href":"https:\/\/pocencoffee.com\/es\/wp-json\/wp\/v2\/types\/product"}],"version-history":[{"count":1,"href":"https:\/\/pocencoffee.com\/es\/wp-json\/wp\/v2\/product\/2741\/revisions"}],"predecessor-version":[{"id":2746,"href":"https:\/\/pocencoffee.com\/es\/wp-json\/wp\/v2\/product\/2741\/revisions\/2746"}],"wp:featuredmedia":[{"embeddable":true,"href":"https:\/\/pocencoffee.com\/es\/wp-json\/wp\/v2\/media\/2743"}],"wp:attachment":[{"href":"https:\/\/pocencoffee.com\/es\/wp-json\/wp\/v2\/media?parent=2741"}],"wp:term":[{"taxonomy":"product_brand","embeddable":true,"href":"https:\/\/pocencoffee.com\/es\/wp-json\/wp\/v2\/product_brand?post=2741"},{"taxonomy":"product_cat","embeddable":true,"href":"https:\/\/pocencoffee.com\/es\/wp-json\/wp\/v2\/product_cat?post=2741"},{"taxonomy":"product_tag","embeddable":true,"href":"https:\/\/pocencoffee.com\/es\/wp-json\/wp\/v2\/product_tag?post=2741"}],"curies":[{"name":"wp","href":"https:\/\/api.w.org\/{rel}","templated":true}]}}