{"id":2850,"date":"2024-04-28T09:05:26","date_gmt":"2024-04-28T16:05:26","guid":{"rendered":"https:\/\/pocencoffee.com\/?post_type=product&#038;p=2850"},"modified":"2024-04-28T09:08:34","modified_gmt":"2024-04-28T16:08:34","slug":"anillo-metalico-receptor-de-cafe-en-polvo","status":"publish","type":"product","link":"https:\/\/pocencoffee.com\/es\/product\/anillo-metalico-receptor-de-cafe-en-polvo\/","title":{"rendered":"Anillo receptor de caf\u00e9 molido met\u00e1lico"},"content":{"rendered":"<p><strong>Anillo receptor de caf\u00e9 molido met\u00e1lico<\/strong><\/p>\n<p>Puede ser \u00fatil recoger los posos de caf\u00e9 del molinillo para asegurarse de que no se desborden.<\/p>\n<p>Hay 5-6 puntos magn\u00e9ticos, se puede conectar con el portafiltro f\u00e1cilmente.<\/p>\n<p><img fetchpriority=\"high\" decoding=\"async\" class=\"alignnone size-medium wp-image-2851\" src=\"https:\/\/pocencoffee.com\/wp-content\/uploads\/2024\/04\/PBA-magnetic-doing-ring-300x300.jpg\" alt=\"\" width=\"300\" height=\"300\" title=\"\" srcset=\"https:\/\/pocencoffee.com\/wp-content\/uploads\/2024\/04\/PBA-magnetic-doing-ring-300x300.jpg 300w, https:\/\/pocencoffee.com\/wp-content\/uploads\/2024\/04\/PBA-magnetic-doing-ring-150x150.jpg 150w, https:\/\/pocencoffee.com\/wp-content\/uploads\/2024\/04\/PBA-magnetic-doing-ring-100x100.jpg 100w, https:\/\/pocencoffee.com\/wp-content\/uploads\/2024\/04\/PBA-magnetic-doing-ring.jpg 600w\" sizes=\"(max-width: 300px) 100vw, 300px\" \/><\/p>","protected":false},"excerpt":{"rendered":"<p><strong>anillo receptor de caf\u00e9 en polvo<\/strong><\/p>\n<p>Material: aleaci\u00f3n de aluminio.<\/p>\n<p>Tama\u00f1o: 51 mm, 53 mm, 58 mm<\/p>\n<p>Color: plateado, negro o personalizado.<\/p>\n<p>Logotipo: por l\u00e1ser<\/p>","protected":false},"featured_media":2852,"template":"","meta":[],"product_brand":[],"product_cat":[28],"product_tag":[],"class_list":{"0":"post-2850","1":"product","2":"type-product","3":"status-publish","4":"has-post-thumbnail","6":"product_cat-more-tools","8":"first","9":"instock","10":"shipping-taxable","11":"product-type-simple"},"_links":{"self":[{"href":"https:\/\/pocencoffee.com\/es\/wp-json\/wp\/v2\/product\/2850","targetHints":{"allow":["GET"]}}],"collection":[{"href":"https:\/\/pocencoffee.com\/es\/wp-json\/wp\/v2\/product"}],"about":[{"href":"https:\/\/pocencoffee.com\/es\/wp-json\/wp\/v2\/types\/product"}],"version-history":[{"count":1,"href":"https:\/\/pocencoffee.com\/es\/wp-json\/wp\/v2\/product\/2850\/revisions"}],"predecessor-version":[{"id":2854,"href":"https:\/\/pocencoffee.com\/es\/wp-json\/wp\/v2\/product\/2850\/revisions\/2854"}],"wp:featuredmedia":[{"embeddable":true,"href":"https:\/\/pocencoffee.com\/es\/wp-json\/wp\/v2\/media\/2852"}],"wp:attachment":[{"href":"https:\/\/pocencoffee.com\/es\/wp-json\/wp\/v2\/media?parent=2850"}],"wp:term":[{"taxonomy":"product_brand","embeddable":true,"href":"https:\/\/pocencoffee.com\/es\/wp-json\/wp\/v2\/product_brand?post=2850"},{"taxonomy":"product_cat","embeddable":true,"href":"https:\/\/pocencoffee.com\/es\/wp-json\/wp\/v2\/product_cat?post=2850"},{"taxonomy":"product_tag","embeddable":true,"href":"https:\/\/pocencoffee.com\/es\/wp-json\/wp\/v2\/product_tag?post=2850"}],"curies":[{"name":"wp","href":"https:\/\/api.w.org\/{rel}","templated":true}]}}