{"id":3031,"date":"2024-06-19T04:16:49","date_gmt":"2024-06-19T11:16:49","guid":{"rendered":"https:\/\/pocencoffee.com\/?post_type=product&#038;p=3031"},"modified":"2024-06-19T04:19:52","modified_gmt":"2024-06-19T11:19:52","slug":"termo-para-cafe-de-gran-capacidad-para-exteriores","status":"publish","type":"product","link":"https:\/\/pocencoffee.com\/es\/product\/termo-para-cafe-de-gran-capacidad-para-exteriores\/","title":{"rendered":"Termo para caf\u00e9 de gran capacidad para exteriores"},"content":{"rendered":"<p><strong>Termo para caf\u00e9 de gran capacidad para exteriores<\/strong><\/p>\n<p>Las botellas t\u00e9rmicas y las tazas t\u00e9rmicas forman parte de la categor\u00eda de accesorios para caf\u00e9.<\/p>\n<p>Ofrecemos botellas t\u00e9rmicas (termos) y tazas t\u00e9rmicas que cumplen con los est\u00e1ndares de calidad alimentaria.<\/p>\n<p>La calidad cumple estrictamente con las normas LFGB, FDA, libre de BPA y EN12546-1.<\/p>\n<p>P\u00f3ngase en contacto con nosotros para obtener un informe claro y una lista completa de productos.<\/p>\n<p><img fetchpriority=\"high\" decoding=\"async\" class=\"alignnone size-medium wp-image-3016\" src=\"https:\/\/pocencoffee.com\/wp-content\/uploads\/2024\/06\/BPA-Free-200x300.jpg\" alt=\"\" width=\"200\" height=\"300\" title=\"\" srcset=\"https:\/\/pocencoffee.com\/wp-content\/uploads\/2024\/06\/BPA-Free-200x300.jpg 200w, https:\/\/pocencoffee.com\/wp-content\/uploads\/2024\/06\/BPA-Free.jpg 400w\" sizes=\"(max-width: 200px) 100vw, 200px\" \/> <img decoding=\"async\" class=\"alignnone size-medium wp-image-3017\" src=\"https:\/\/pocencoffee.com\/wp-content\/uploads\/2024\/06\/FDA-200x300.jpg\" alt=\"\" width=\"200\" height=\"300\" title=\"\" srcset=\"https:\/\/pocencoffee.com\/wp-content\/uploads\/2024\/06\/FDA-200x300.jpg 200w, https:\/\/pocencoffee.com\/wp-content\/uploads\/2024\/06\/FDA.jpg 400w\" sizes=\"(max-width: 200px) 100vw, 200px\" \/> <img decoding=\"async\" class=\"alignnone size-medium wp-image-3018\" src=\"https:\/\/pocencoffee.com\/wp-content\/uploads\/2024\/06\/LFGB-200x300.jpg\" alt=\"\" width=\"200\" height=\"300\" title=\"\" srcset=\"https:\/\/pocencoffee.com\/wp-content\/uploads\/2024\/06\/LFGB-200x300.jpg 200w, https:\/\/pocencoffee.com\/wp-content\/uploads\/2024\/06\/LFGB.jpg 400w\" sizes=\"(max-width: 200px) 100vw, 200px\" \/><\/p>\n<div class=\"mceTemp\"><\/div>\n<p>&nbsp;<\/p>","protected":false},"excerpt":{"rendered":"<p>Material: 304S\/S interior, 201S\/S exterior.<\/p>\n<p>Color: personalizado.<\/p>\n<p>Logotipo: personalizado.<\/p>\n<p>Capacidad: 1000 ml, 1200 ml<\/p>","protected":false},"featured_media":3032,"template":"","meta":[],"product_brand":[],"product_cat":[28],"product_tag":[],"class_list":{"0":"post-3031","1":"product","2":"type-product","3":"status-publish","4":"has-post-thumbnail","6":"product_cat-more-tools","8":"first","9":"instock","10":"shipping-taxable","11":"product-type-simple"},"_links":{"self":[{"href":"https:\/\/pocencoffee.com\/es\/wp-json\/wp\/v2\/product\/3031","targetHints":{"allow":["GET"]}}],"collection":[{"href":"https:\/\/pocencoffee.com\/es\/wp-json\/wp\/v2\/product"}],"about":[{"href":"https:\/\/pocencoffee.com\/es\/wp-json\/wp\/v2\/types\/product"}],"version-history":[{"count":1,"href":"https:\/\/pocencoffee.com\/es\/wp-json\/wp\/v2\/product\/3031\/revisions"}],"predecessor-version":[{"id":3035,"href":"https:\/\/pocencoffee.com\/es\/wp-json\/wp\/v2\/product\/3031\/revisions\/3035"}],"wp:featuredmedia":[{"embeddable":true,"href":"https:\/\/pocencoffee.com\/es\/wp-json\/wp\/v2\/media\/3032"}],"wp:attachment":[{"href":"https:\/\/pocencoffee.com\/es\/wp-json\/wp\/v2\/media?parent=3031"}],"wp:term":[{"taxonomy":"product_brand","embeddable":true,"href":"https:\/\/pocencoffee.com\/es\/wp-json\/wp\/v2\/product_brand?post=3031"},{"taxonomy":"product_cat","embeddable":true,"href":"https:\/\/pocencoffee.com\/es\/wp-json\/wp\/v2\/product_cat?post=3031"},{"taxonomy":"product_tag","embeddable":true,"href":"https:\/\/pocencoffee.com\/es\/wp-json\/wp\/v2\/product_tag?post=3031"}],"curies":[{"name":"wp","href":"https:\/\/api.w.org\/{rel}","templated":true}]}}