{"id":2005,"date":"2024-03-27T01:46:38","date_gmt":"2024-03-27T08:46:38","guid":{"rendered":"https:\/\/pocencoffee.com\/?post_type=product&#038;p=2005"},"modified":"2024-03-28T07:56:01","modified_gmt":"2024-03-28T14:56:01","slug":"base-solide-en-acier-inoxydable-et-tampe-a-cafe-calibree-de-conception-classique","status":"publish","type":"product","link":"https:\/\/pocencoffee.com\/fr\/product\/base-solide-en-acier-inoxydable-et-tampe-a-cafe-calibree-de-conception-classique\/","title":{"rendered":"Base solide en acier inoxydable et tasseur \u00e0 caf\u00e9 calibr\u00e9 au design classique"},"content":{"rendered":"<p><span lang=\"EN-US\">Mat\u00e9riau : base solide en acier inoxydable 304 ; poign\u00e9e en alliage d'aluminium ; vis et ressort en m\u00e9tal \u00e0 l'int\u00e9rieur.<\/span><\/p>\n<p><span lang=\"EN-US\">Couleur : la couleur que vous souhaitez. (les couleurs habituelles en stock sont le noir, le rouge et le bleu).<\/span><\/p>\n<p><span lang=\"EN-US\">Options disponibles pour le diam\u00e8tre de la base : 51mm, 53mm, 53.5mm, 58mm, 58.5mm<\/span><\/p>\n<p><span lang=\"EN-US\">Personnalisation : vous pouvez personnaliser le logo, la couleur, l'emballage ou d\u00e9velopper un nouveau produit selon votre dessin.<\/span><\/p>","protected":false},"excerpt":{"rendered":"<p>Rapport LFGB, rapport FDA, rapport sur les mat\u00e9riaux 304S\/S.<\/p>\n<p>OEM ET ODM.<\/p>","protected":false},"featured_media":2006,"template":"","meta":[],"product_brand":[],"product_cat":[23],"product_tag":[],"class_list":{"0":"post-2005","1":"product","2":"type-product","3":"status-publish","4":"has-post-thumbnail","6":"product_cat-coffee-tamperscoffee-coffee-leveler","8":"first","9":"instock","10":"shipping-taxable","11":"product-type-simple"},"_links":{"self":[{"href":"https:\/\/pocencoffee.com\/fr\/wp-json\/wp\/v2\/product\/2005","targetHints":{"allow":["GET"]}}],"collection":[{"href":"https:\/\/pocencoffee.com\/fr\/wp-json\/wp\/v2\/product"}],"about":[{"href":"https:\/\/pocencoffee.com\/fr\/wp-json\/wp\/v2\/types\/product"}],"version-history":[{"count":2,"href":"https:\/\/pocencoffee.com\/fr\/wp-json\/wp\/v2\/product\/2005\/revisions"}],"predecessor-version":[{"id":2120,"href":"https:\/\/pocencoffee.com\/fr\/wp-json\/wp\/v2\/product\/2005\/revisions\/2120"}],"wp:featuredmedia":[{"embeddable":true,"href":"https:\/\/pocencoffee.com\/fr\/wp-json\/wp\/v2\/media\/2006"}],"wp:attachment":[{"href":"https:\/\/pocencoffee.com\/fr\/wp-json\/wp\/v2\/media?parent=2005"}],"wp:term":[{"taxonomy":"product_brand","embeddable":true,"href":"https:\/\/pocencoffee.com\/fr\/wp-json\/wp\/v2\/product_brand?post=2005"},{"taxonomy":"product_cat","embeddable":true,"href":"https:\/\/pocencoffee.com\/fr\/wp-json\/wp\/v2\/product_cat?post=2005"},{"taxonomy":"product_tag","embeddable":true,"href":"https:\/\/pocencoffee.com\/fr\/wp-json\/wp\/v2\/product_tag?post=2005"}],"curies":[{"name":"wp","href":"https:\/\/api.w.org\/{rel}","templated":true}]}}