{"id":2207,"date":"2024-03-29T06:55:59","date_gmt":"2024-03-29T13:55:59","guid":{"rendered":"https:\/\/pocencoffee.com\/?post_type=product&#038;p=2207"},"modified":"2024-03-29T07:01:06","modified_gmt":"2024-03-29T14:01:06","slug":"pichet-en-teflon-blanc-et-rouge-pour-cafe-au-lait","status":"publish","type":"product","link":"https:\/\/pocencoffee.com\/fr\/product\/pichet-en-teflon-blanc-et-rouge-pour-cafe-au-lait\/","title":{"rendered":"Pichet \u00e0 latte art en t\u00e9flon blanc et rouge"},"content":{"rendered":"<p>Mat\u00e9riau : acier inoxydable 304S ;<\/p>\n<p>Taille : 350ml, 600ml \/ 900ml<\/p>\n<p>Option de personnalisation : personnalisez le logo, les dimensions, la couleur et l'emballage. .<\/p>\n<p>Caract\u00e9ristiques : conforme \u00e0 la norme LFGB ; bec verseur professionnel<\/p>","protected":false},"excerpt":{"rendered":"<p>Rev\u00eatement anti-adh\u00e9rent pour la cruche \u00e0 caf\u00e9 ;<\/p>\n<p>350ml\/600ml\/900ml.<\/p>\n<p>La couleur du rev\u00eatement antiadh\u00e9sif peut \u00eatre personnalis\u00e9e.<\/p>","protected":false},"featured_media":2208,"template":"","meta":[],"product_brand":[],"product_cat":[22],"product_tag":[],"class_list":{"0":"post-2207","1":"product","2":"type-product","3":"status-publish","4":"has-post-thumbnail","6":"product_cat-milk-steaming-pitcher","8":"first","9":"instock","10":"shipping-taxable","11":"product-type-simple"},"_links":{"self":[{"href":"https:\/\/pocencoffee.com\/fr\/wp-json\/wp\/v2\/product\/2207","targetHints":{"allow":["GET"]}}],"collection":[{"href":"https:\/\/pocencoffee.com\/fr\/wp-json\/wp\/v2\/product"}],"about":[{"href":"https:\/\/pocencoffee.com\/fr\/wp-json\/wp\/v2\/types\/product"}],"version-history":[{"count":1,"href":"https:\/\/pocencoffee.com\/fr\/wp-json\/wp\/v2\/product\/2207\/revisions"}],"predecessor-version":[{"id":2211,"href":"https:\/\/pocencoffee.com\/fr\/wp-json\/wp\/v2\/product\/2207\/revisions\/2211"}],"wp:featuredmedia":[{"embeddable":true,"href":"https:\/\/pocencoffee.com\/fr\/wp-json\/wp\/v2\/media\/2208"}],"wp:attachment":[{"href":"https:\/\/pocencoffee.com\/fr\/wp-json\/wp\/v2\/media?parent=2207"}],"wp:term":[{"taxonomy":"product_brand","embeddable":true,"href":"https:\/\/pocencoffee.com\/fr\/wp-json\/wp\/v2\/product_brand?post=2207"},{"taxonomy":"product_cat","embeddable":true,"href":"https:\/\/pocencoffee.com\/fr\/wp-json\/wp\/v2\/product_cat?post=2207"},{"taxonomy":"product_tag","embeddable":true,"href":"https:\/\/pocencoffee.com\/fr\/wp-json\/wp\/v2\/product_tag?post=2207"}],"curies":[{"name":"wp","href":"https:\/\/api.w.org\/{rel}","templated":true}]}}