{"id":2212,"date":"2024-03-29T07:09:08","date_gmt":"2024-03-29T14:09:08","guid":{"rendered":"https:\/\/pocencoffee.com\/?post_type=product&#038;p=2212"},"modified":"2024-03-29T07:09:08","modified_gmt":"2024-03-29T14:09:08","slug":"tasse-a-cafe-latte-art-en-acier-inoxydable-avec-un-design-en-biseau-pour-une-utilisation-facile","status":"publish","type":"product","link":"https:\/\/pocencoffee.com\/fr\/product\/tasse-a-cafe-latte-art-en-acier-inoxydable-avec-un-design-en-biseau-pour-une-utilisation-facile\/","title":{"rendered":"Tasse \u00e0 caf\u00e9 latte en acier inoxydable avec design biseaut\u00e9 pour une utilisation facile"},"content":{"rendered":"<p>Mat\u00e9riau : acier inoxydable 304S ;<\/p>\n<p>Taille : 400ml.<\/p>\n<p>Option de personnalisation : personnalisez le logo, les dimensions, la couleur et l'emballage. .<\/p>\n<p>Caract\u00e9ristiques : conforme \u00e0 la norme LFGB ; bec verseur professionnel<\/p>","protected":false},"excerpt":{"rendered":"<p>Ce pot \u00e0 lait est dot\u00e9 d'un super design en biseau pour faciliter l'art du caf\u00e9 au lait.<\/p>","protected":false},"featured_media":2213,"template":"","meta":[],"product_brand":[],"product_cat":[22],"product_tag":[],"class_list":{"0":"post-2212","1":"product","2":"type-product","3":"status-publish","4":"has-post-thumbnail","6":"product_cat-milk-steaming-pitcher","8":"first","9":"instock","10":"shipping-taxable","11":"product-type-simple"},"_links":{"self":[{"href":"https:\/\/pocencoffee.com\/fr\/wp-json\/wp\/v2\/product\/2212","targetHints":{"allow":["GET"]}}],"collection":[{"href":"https:\/\/pocencoffee.com\/fr\/wp-json\/wp\/v2\/product"}],"about":[{"href":"https:\/\/pocencoffee.com\/fr\/wp-json\/wp\/v2\/types\/product"}],"version-history":[{"count":1,"href":"https:\/\/pocencoffee.com\/fr\/wp-json\/wp\/v2\/product\/2212\/revisions"}],"predecessor-version":[{"id":2216,"href":"https:\/\/pocencoffee.com\/fr\/wp-json\/wp\/v2\/product\/2212\/revisions\/2216"}],"wp:featuredmedia":[{"embeddable":true,"href":"https:\/\/pocencoffee.com\/fr\/wp-json\/wp\/v2\/media\/2213"}],"wp:attachment":[{"href":"https:\/\/pocencoffee.com\/fr\/wp-json\/wp\/v2\/media?parent=2212"}],"wp:term":[{"taxonomy":"product_brand","embeddable":true,"href":"https:\/\/pocencoffee.com\/fr\/wp-json\/wp\/v2\/product_brand?post=2212"},{"taxonomy":"product_cat","embeddable":true,"href":"https:\/\/pocencoffee.com\/fr\/wp-json\/wp\/v2\/product_cat?post=2212"},{"taxonomy":"product_tag","embeddable":true,"href":"https:\/\/pocencoffee.com\/fr\/wp-json\/wp\/v2\/product_tag?post=2212"}],"curies":[{"name":"wp","href":"https:\/\/api.w.org\/{rel}","templated":true}]}}