{"id":2217,"date":"2024-03-29T07:22:34","date_gmt":"2024-03-29T14:22:34","guid":{"rendered":"https:\/\/pocencoffee.com\/?post_type=product&#038;p=2217"},"modified":"2024-03-29T07:23:18","modified_gmt":"2024-03-29T14:23:18","slug":"carafe-a-lait-en-acier-inoxydable-a-detection-de-temperature","status":"publish","type":"product","link":"https:\/\/pocencoffee.com\/fr\/product\/carafe-a-lait-en-acier-inoxydable-a-detection-de-temperature\/","title":{"rendered":"Pot \u00e0 lait en acier inoxydable avec capteur de temp\u00e9rature"},"content":{"rendered":"<p>Mat\u00e9riau : acier inoxydable 304S ;<\/p>\n<p>Taille : 350ml \/ 600ml ;<\/p>\n<p>Option de personnalisation : personnalisez le logo, les dimensions, la couleur et l'emballage. .<\/p>\n<p>Caract\u00e9ristiques : LFGB ,FDA ,et certificats de mat\u00e9riaux ; bouche d'\u00e9coulement professionnelle.<\/p>","protected":false},"excerpt":{"rendered":"<p>Ce pot \u00e0 lait est \u00e9quip\u00e9 d'un capteur de temp\u00e9rature. C'est une tr\u00e8s bonne fonction pour aider le barista \u00e0 finir de faire mousser le lait.<\/p>","protected":false},"featured_media":2220,"template":"","meta":[],"product_brand":[],"product_cat":[22],"product_tag":[],"class_list":{"0":"post-2217","1":"product","2":"type-product","3":"status-publish","4":"has-post-thumbnail","6":"product_cat-milk-steaming-pitcher","8":"first","9":"instock","10":"shipping-taxable","11":"product-type-simple"},"_links":{"self":[{"href":"https:\/\/pocencoffee.com\/fr\/wp-json\/wp\/v2\/product\/2217","targetHints":{"allow":["GET"]}}],"collection":[{"href":"https:\/\/pocencoffee.com\/fr\/wp-json\/wp\/v2\/product"}],"about":[{"href":"https:\/\/pocencoffee.com\/fr\/wp-json\/wp\/v2\/types\/product"}],"version-history":[{"count":1,"href":"https:\/\/pocencoffee.com\/fr\/wp-json\/wp\/v2\/product\/2217\/revisions"}],"predecessor-version":[{"id":2221,"href":"https:\/\/pocencoffee.com\/fr\/wp-json\/wp\/v2\/product\/2217\/revisions\/2221"}],"wp:featuredmedia":[{"embeddable":true,"href":"https:\/\/pocencoffee.com\/fr\/wp-json\/wp\/v2\/media\/2220"}],"wp:attachment":[{"href":"https:\/\/pocencoffee.com\/fr\/wp-json\/wp\/v2\/media?parent=2217"}],"wp:term":[{"taxonomy":"product_brand","embeddable":true,"href":"https:\/\/pocencoffee.com\/fr\/wp-json\/wp\/v2\/product_brand?post=2217"},{"taxonomy":"product_cat","embeddable":true,"href":"https:\/\/pocencoffee.com\/fr\/wp-json\/wp\/v2\/product_cat?post=2217"},{"taxonomy":"product_tag","embeddable":true,"href":"https:\/\/pocencoffee.com\/fr\/wp-json\/wp\/v2\/product_tag?post=2217"}],"curies":[{"name":"wp","href":"https:\/\/api.w.org\/{rel}","templated":true}]}}