{"id":2223,"date":"2024-03-29T07:37:44","date_gmt":"2024-03-29T14:37:44","guid":{"rendered":"https:\/\/pocencoffee.com\/?post_type=product&#038;p=2223"},"modified":"2024-03-29T07:37:44","modified_gmt":"2024-03-29T14:37:44","slug":"pichet-classique-en-acier-inoxydable-epais-pour-faire-mousser-le-lait","status":"publish","type":"product","link":"https:\/\/pocencoffee.com\/fr\/product\/pichet-classique-en-acier-inoxydable-epais-pour-faire-mousser-le-lait\/","title":{"rendered":"Piche \u00e0 lait classique en acier inoxydable \u00e9pais, Italie"},"content":{"rendered":"<p>Mat\u00e9riau : acier inoxydable 304S ;<\/p>\n<p>Taille : 350ml \/ 450ml \/ 650ml \/ 950ml ;<\/p>\n<p>Option de personnalisation : personnalisez le logo, les dimensions, la couleur et l'emballage. .<\/p>\n<p>Caract\u00e9ristiques : LFGB, FDA et certificats d'essai des mat\u00e9riaux ;<\/p>","protected":false},"excerpt":{"rendered":"<p>Sa bouche \u00e0 long d\u00e9bit en fait presque le meilleur choix pour tous les amateurs de caf\u00e9.<\/p>","protected":false},"featured_media":2224,"template":"","meta":[],"product_brand":[],"product_cat":[22],"product_tag":[],"class_list":{"0":"post-2223","1":"product","2":"type-product","3":"status-publish","4":"has-post-thumbnail","6":"product_cat-milk-steaming-pitcher","8":"first","9":"instock","10":"shipping-taxable","11":"product-type-simple"},"_links":{"self":[{"href":"https:\/\/pocencoffee.com\/fr\/wp-json\/wp\/v2\/product\/2223","targetHints":{"allow":["GET"]}}],"collection":[{"href":"https:\/\/pocencoffee.com\/fr\/wp-json\/wp\/v2\/product"}],"about":[{"href":"https:\/\/pocencoffee.com\/fr\/wp-json\/wp\/v2\/types\/product"}],"version-history":[{"count":2,"href":"https:\/\/pocencoffee.com\/fr\/wp-json\/wp\/v2\/product\/2223\/revisions"}],"predecessor-version":[{"id":2229,"href":"https:\/\/pocencoffee.com\/fr\/wp-json\/wp\/v2\/product\/2223\/revisions\/2229"}],"wp:featuredmedia":[{"embeddable":true,"href":"https:\/\/pocencoffee.com\/fr\/wp-json\/wp\/v2\/media\/2224"}],"wp:attachment":[{"href":"https:\/\/pocencoffee.com\/fr\/wp-json\/wp\/v2\/media?parent=2223"}],"wp:term":[{"taxonomy":"product_brand","embeddable":true,"href":"https:\/\/pocencoffee.com\/fr\/wp-json\/wp\/v2\/product_brand?post=2223"},{"taxonomy":"product_cat","embeddable":true,"href":"https:\/\/pocencoffee.com\/fr\/wp-json\/wp\/v2\/product_cat?post=2223"},{"taxonomy":"product_tag","embeddable":true,"href":"https:\/\/pocencoffee.com\/fr\/wp-json\/wp\/v2\/product_tag?post=2223"}],"curies":[{"name":"wp","href":"https:\/\/api.w.org\/{rel}","templated":true}]}}