{"id":2231,"date":"2024-03-29T08:09:41","date_gmt":"2024-03-29T15:09:41","guid":{"rendered":"https:\/\/pocencoffee.com\/?post_type=product&#038;p=2231"},"modified":"2024-03-29T08:09:41","modified_gmt":"2024-03-29T15:09:41","slug":"pichet-a-cappuccino-en-acier-inoxydable-avec-moyens-dexpression-gaufres","status":"publish","type":"product","link":"https:\/\/pocencoffee.com\/fr\/product\/pichet-a-cappuccino-en-acier-inoxydable-avec-moyens-dexpression-gaufres\/","title":{"rendered":"Mesures en relief sur le pot \u00e0 cappuccino en acier inoxydable"},"content":{"rendered":"<p>Mat\u00e9riau : acier inoxydable 304S ;<\/p>\n<p>Taille : 350ml \/ 550ml \/ 900ml<\/p>\n<p>Option de personnalisation : personnalisez le logo, les dimensions, la couleur et l'emballage. .<\/p>\n<p>Caract\u00e9ristiques : LFGB, FDA et certificats d'essai des mat\u00e9riaux ;<\/p>\n<p><img decoding=\"async\" class=\"alignnone size-medium wp-image-2236\" src=\"https:\/\/pocencoffee.com\/wp-content\/uploads\/2024\/03\/MPG-meansurement-foaming-pitcher-300x155.jpg\" alt=\"\" width=\"300\" height=\"155\" title=\"\" srcset=\"https:\/\/pocencoffee.com\/wp-content\/uploads\/2024\/03\/MPG-meansurement-foaming-pitcher-300x155.jpg 300w, https:\/\/pocencoffee.com\/wp-content\/uploads\/2024\/03\/MPG-meansurement-foaming-pitcher-600x309.jpg 600w, https:\/\/pocencoffee.com\/wp-content\/uploads\/2024\/03\/MPG-meansurement-foaming-pitcher.jpg 640w\" sizes=\"(max-width: 300px) 100vw, 300px\" \/><\/p>","protected":false},"excerpt":{"rendered":"<p>Pichet pour le lait \u00e0 la vapeur avec un message de garantie en relief \u00e0 l'int\u00e9rieur et \u00e0 l'ext\u00e9rieur.<\/p>","protected":false},"featured_media":2233,"template":"","meta":[],"product_brand":[],"product_cat":[22],"product_tag":[],"class_list":{"0":"post-2231","1":"product","2":"type-product","3":"status-publish","4":"has-post-thumbnail","6":"product_cat-milk-steaming-pitcher","8":"first","9":"instock","10":"shipping-taxable","11":"product-type-simple"},"_links":{"self":[{"href":"https:\/\/pocencoffee.com\/fr\/wp-json\/wp\/v2\/product\/2231","targetHints":{"allow":["GET"]}}],"collection":[{"href":"https:\/\/pocencoffee.com\/fr\/wp-json\/wp\/v2\/product"}],"about":[{"href":"https:\/\/pocencoffee.com\/fr\/wp-json\/wp\/v2\/types\/product"}],"version-history":[{"count":1,"href":"https:\/\/pocencoffee.com\/fr\/wp-json\/wp\/v2\/product\/2231\/revisions"}],"predecessor-version":[{"id":2237,"href":"https:\/\/pocencoffee.com\/fr\/wp-json\/wp\/v2\/product\/2231\/revisions\/2237"}],"wp:featuredmedia":[{"embeddable":true,"href":"https:\/\/pocencoffee.com\/fr\/wp-json\/wp\/v2\/media\/2233"}],"wp:attachment":[{"href":"https:\/\/pocencoffee.com\/fr\/wp-json\/wp\/v2\/media?parent=2231"}],"wp:term":[{"taxonomy":"product_brand","embeddable":true,"href":"https:\/\/pocencoffee.com\/fr\/wp-json\/wp\/v2\/product_brand?post=2231"},{"taxonomy":"product_cat","embeddable":true,"href":"https:\/\/pocencoffee.com\/fr\/wp-json\/wp\/v2\/product_cat?post=2231"},{"taxonomy":"product_tag","embeddable":true,"href":"https:\/\/pocencoffee.com\/fr\/wp-json\/wp\/v2\/product_tag?post=2231"}],"curies":[{"name":"wp","href":"https:\/\/api.w.org\/{rel}","templated":true}]}}