{"id":2238,"date":"2024-03-29T08:18:51","date_gmt":"2024-03-29T15:18:51","guid":{"rendered":"https:\/\/pocencoffee.com\/?post_type=product&#038;p=2238"},"modified":"2024-03-29T08:18:51","modified_gmt":"2024-03-29T15:18:51","slug":"mousseur-a-lait-manuel-perfect-home-make-coffee","status":"publish","type":"product","link":"https:\/\/pocencoffee.com\/fr\/product\/mousseur-a-lait-manuel-perfect-home-make-coffee\/","title":{"rendered":"Mousseur \u00e0 lait manuel parfait pour pr\u00e9parer le caf\u00e9 \u00e0 la maison"},"content":{"rendered":"<p>Mat\u00e9riau : acier inoxydable 304S ;<\/p>\n<p>Taille : 400ml , 600ml.<\/p>\n<p>Option de personnalisation : personnalisez le logo, les dimensions, la couleur et l'emballage. .<\/p>\n<p>Caract\u00e9ristiques : LFGB, FDA et certificats d'essai des mat\u00e9riaux ;<\/p>","protected":false},"excerpt":{"rendered":"<p>Ce mousseur \u00e0 lait manuel parfait peut faire mousser le lait en pressant et en tirant le piston.<\/p>","protected":false},"featured_media":2240,"template":"","meta":[],"product_brand":[],"product_cat":[22],"product_tag":[],"class_list":{"0":"post-2238","1":"product","2":"type-product","3":"status-publish","4":"has-post-thumbnail","6":"product_cat-milk-steaming-pitcher","8":"first","9":"instock","10":"shipping-taxable","11":"product-type-simple"},"_links":{"self":[{"href":"https:\/\/pocencoffee.com\/fr\/wp-json\/wp\/v2\/product\/2238","targetHints":{"allow":["GET"]}}],"collection":[{"href":"https:\/\/pocencoffee.com\/fr\/wp-json\/wp\/v2\/product"}],"about":[{"href":"https:\/\/pocencoffee.com\/fr\/wp-json\/wp\/v2\/types\/product"}],"version-history":[{"count":1,"href":"https:\/\/pocencoffee.com\/fr\/wp-json\/wp\/v2\/product\/2238\/revisions"}],"predecessor-version":[{"id":2243,"href":"https:\/\/pocencoffee.com\/fr\/wp-json\/wp\/v2\/product\/2238\/revisions\/2243"}],"wp:featuredmedia":[{"embeddable":true,"href":"https:\/\/pocencoffee.com\/fr\/wp-json\/wp\/v2\/media\/2240"}],"wp:attachment":[{"href":"https:\/\/pocencoffee.com\/fr\/wp-json\/wp\/v2\/media?parent=2238"}],"wp:term":[{"taxonomy":"product_brand","embeddable":true,"href":"https:\/\/pocencoffee.com\/fr\/wp-json\/wp\/v2\/product_brand?post=2238"},{"taxonomy":"product_cat","embeddable":true,"href":"https:\/\/pocencoffee.com\/fr\/wp-json\/wp\/v2\/product_cat?post=2238"},{"taxonomy":"product_tag","embeddable":true,"href":"https:\/\/pocencoffee.com\/fr\/wp-json\/wp\/v2\/product_tag?post=2238"}],"curies":[{"name":"wp","href":"https:\/\/api.w.org\/{rel}","templated":true}]}}