{"id":2244,"date":"2024-03-29T08:32:21","date_gmt":"2024-03-29T15:32:21","guid":{"rendered":"https:\/\/pocencoffee.com\/?post_type=product&#038;p=2244"},"modified":"2024-03-29T08:39:53","modified_gmt":"2024-03-29T15:39:53","slug":"pot-a-cafe-et-a-lait-avec-couvercle","status":"publish","type":"product","link":"https:\/\/pocencoffee.com\/fr\/product\/pot-a-cafe-et-a-lait-avec-couvercle\/","title":{"rendered":"Pot \u00e0 lait pour caf\u00e9 avec couvercle"},"content":{"rendered":"<p>Mat\u00e9riau : acier inoxydable 304S ;<\/p>\n<p>Options de capacit\u00e9 disponibles : 350ml, 600ml, 900ml, 1500ml, 2000ml.<\/p>\n<p>Option de personnalisation : personnalisez le logo, les dimensions, la couleur et l'emballage. .<\/p>\n<p>Caract\u00e9ristiques : LFGB, FDA et certificats d'essai des mat\u00e9riaux ;<\/p>","protected":false},"excerpt":{"rendered":"<p>Ce pot \u00e0 lait avec couvercle convient parfaitement aux restaurants et aux caf\u00e9s.<\/p>","protected":false},"featured_media":2245,"template":"","meta":[],"product_brand":[],"product_cat":[22],"product_tag":[],"class_list":{"0":"post-2244","1":"product","2":"type-product","3":"status-publish","4":"has-post-thumbnail","6":"product_cat-milk-steaming-pitcher","8":"first","9":"instock","10":"shipping-taxable","11":"product-type-simple"},"_links":{"self":[{"href":"https:\/\/pocencoffee.com\/fr\/wp-json\/wp\/v2\/product\/2244","targetHints":{"allow":["GET"]}}],"collection":[{"href":"https:\/\/pocencoffee.com\/fr\/wp-json\/wp\/v2\/product"}],"about":[{"href":"https:\/\/pocencoffee.com\/fr\/wp-json\/wp\/v2\/types\/product"}],"version-history":[{"count":1,"href":"https:\/\/pocencoffee.com\/fr\/wp-json\/wp\/v2\/product\/2244\/revisions"}],"predecessor-version":[{"id":2250,"href":"https:\/\/pocencoffee.com\/fr\/wp-json\/wp\/v2\/product\/2244\/revisions\/2250"}],"wp:featuredmedia":[{"embeddable":true,"href":"https:\/\/pocencoffee.com\/fr\/wp-json\/wp\/v2\/media\/2245"}],"wp:attachment":[{"href":"https:\/\/pocencoffee.com\/fr\/wp-json\/wp\/v2\/media?parent=2244"}],"wp:term":[{"taxonomy":"product_brand","embeddable":true,"href":"https:\/\/pocencoffee.com\/fr\/wp-json\/wp\/v2\/product_brand?post=2244"},{"taxonomy":"product_cat","embeddable":true,"href":"https:\/\/pocencoffee.com\/fr\/wp-json\/wp\/v2\/product_cat?post=2244"},{"taxonomy":"product_tag","embeddable":true,"href":"https:\/\/pocencoffee.com\/fr\/wp-json\/wp\/v2\/product_tag?post=2244"}],"curies":[{"name":"wp","href":"https:\/\/api.w.org\/{rel}","templated":true}]}}