{"id":2275,"date":"2024-03-30T07:07:39","date_gmt":"2024-03-30T14:07:39","guid":{"rendered":"https:\/\/pocencoffee.com\/?post_type=product&#038;p=2275"},"modified":"2024-03-30T07:07:40","modified_gmt":"2024-03-30T14:07:40","slug":"tampons-a-cafe-expresso-avec-manche-en-bois","status":"publish","type":"product","link":"https:\/\/pocencoffee.com\/fr\/product\/tampons-a-cafe-expresso-avec-manche-en-bois\/","title":{"rendered":"Tasseurs \u00e0 caf\u00e9 expresso \u00e0 manche en bois"},"content":{"rendered":"<p>Mat\u00e9riau : base en acier inoxydable massif, poign\u00e9e en bois.<\/p>\n<p>Taille : 51mm , 53mm ,58mm<\/p>\n<p>Options de personnalisation : LOGO , emballage<\/p>\n<p>Conception de la base : plate, filet\u00e9e et personnalis\u00e9e.<\/p>","protected":false},"excerpt":{"rendered":"<p>Le manche en bois \u00e0 grosse t\u00eate convient parfaitement pour presser la poudre de caf\u00e9.<\/p>","protected":false},"featured_media":2276,"template":"","meta":[],"product_brand":[],"product_cat":[23],"product_tag":[],"class_list":{"0":"post-2275","1":"product","2":"type-product","3":"status-publish","4":"has-post-thumbnail","6":"product_cat-coffee-tamperscoffee-coffee-leveler","8":"first","9":"instock","10":"shipping-taxable","11":"product-type-simple"},"_links":{"self":[{"href":"https:\/\/pocencoffee.com\/fr\/wp-json\/wp\/v2\/product\/2275","targetHints":{"allow":["GET"]}}],"collection":[{"href":"https:\/\/pocencoffee.com\/fr\/wp-json\/wp\/v2\/product"}],"about":[{"href":"https:\/\/pocencoffee.com\/fr\/wp-json\/wp\/v2\/types\/product"}],"version-history":[{"count":1,"href":"https:\/\/pocencoffee.com\/fr\/wp-json\/wp\/v2\/product\/2275\/revisions"}],"predecessor-version":[{"id":2281,"href":"https:\/\/pocencoffee.com\/fr\/wp-json\/wp\/v2\/product\/2275\/revisions\/2281"}],"wp:featuredmedia":[{"embeddable":true,"href":"https:\/\/pocencoffee.com\/fr\/wp-json\/wp\/v2\/media\/2276"}],"wp:attachment":[{"href":"https:\/\/pocencoffee.com\/fr\/wp-json\/wp\/v2\/media?parent=2275"}],"wp:term":[{"taxonomy":"product_brand","embeddable":true,"href":"https:\/\/pocencoffee.com\/fr\/wp-json\/wp\/v2\/product_brand?post=2275"},{"taxonomy":"product_cat","embeddable":true,"href":"https:\/\/pocencoffee.com\/fr\/wp-json\/wp\/v2\/product_cat?post=2275"},{"taxonomy":"product_tag","embeddable":true,"href":"https:\/\/pocencoffee.com\/fr\/wp-json\/wp\/v2\/product_tag?post=2275"}],"curies":[{"name":"wp","href":"https:\/\/api.w.org\/{rel}","templated":true}]}}