{"id":2295,"date":"2024-03-30T07:56:39","date_gmt":"2024-03-30T14:56:39","guid":{"rendered":"https:\/\/pocencoffee.com\/?post_type=product&#038;p=2295"},"modified":"2024-03-30T07:56:39","modified_gmt":"2024-03-30T14:56:39","slug":"meilleure-vente-de-niveleuse-manuelle-pour-le-cafe","status":"publish","type":"product","link":"https:\/\/pocencoffee.com\/fr\/product\/meilleure-vente-de-niveleuse-manuelle-pour-le-cafe\/","title":{"rendered":"Niveleur manuel pour caf\u00e9 le plus vendu"},"content":{"rendered":"<p><strong>Niveleur manuel pour caf\u00e9 le plus vendu<\/strong><\/p>\n<p>Mat\u00e9riau : base de caf\u00e9 en acier inoxydable massif, poign\u00e9e en aluminium.<\/p>\n<p>Taille : 51mm, 53mm, 58mm.<\/p>\n<p>Options de personnalisation : Couleur, LOGO, emballage.<\/p>\n<p>Conception de la base : plate, filet\u00e9e et personnalis\u00e9e.<\/p>\n<p>&nbsp;<\/p>","protected":false},"excerpt":{"rendered":"<p>Ce produit remporte chaque ann\u00e9e le titre de meilleure vente. Contactez-nous pour vos commandes personnalis\u00e9es.<\/p>","protected":false},"featured_media":2296,"template":"","meta":[],"product_brand":[],"product_cat":[23],"product_tag":[],"class_list":{"0":"post-2295","1":"product","2":"type-product","3":"status-publish","4":"has-post-thumbnail","6":"product_cat-coffee-tamperscoffee-coffee-leveler","8":"first","9":"instock","10":"shipping-taxable","11":"product-type-simple"},"_links":{"self":[{"href":"https:\/\/pocencoffee.com\/fr\/wp-json\/wp\/v2\/product\/2295","targetHints":{"allow":["GET"]}}],"collection":[{"href":"https:\/\/pocencoffee.com\/fr\/wp-json\/wp\/v2\/product"}],"about":[{"href":"https:\/\/pocencoffee.com\/fr\/wp-json\/wp\/v2\/types\/product"}],"version-history":[{"count":1,"href":"https:\/\/pocencoffee.com\/fr\/wp-json\/wp\/v2\/product\/2295\/revisions"}],"predecessor-version":[{"id":2300,"href":"https:\/\/pocencoffee.com\/fr\/wp-json\/wp\/v2\/product\/2295\/revisions\/2300"}],"wp:featuredmedia":[{"embeddable":true,"href":"https:\/\/pocencoffee.com\/fr\/wp-json\/wp\/v2\/media\/2296"}],"wp:attachment":[{"href":"https:\/\/pocencoffee.com\/fr\/wp-json\/wp\/v2\/media?parent=2295"}],"wp:term":[{"taxonomy":"product_brand","embeddable":true,"href":"https:\/\/pocencoffee.com\/fr\/wp-json\/wp\/v2\/product_brand?post=2295"},{"taxonomy":"product_cat","embeddable":true,"href":"https:\/\/pocencoffee.com\/fr\/wp-json\/wp\/v2\/product_cat?post=2295"},{"taxonomy":"product_tag","embeddable":true,"href":"https:\/\/pocencoffee.com\/fr\/wp-json\/wp\/v2\/product_tag?post=2295"}],"curies":[{"name":"wp","href":"https:\/\/api.w.org\/{rel}","templated":true}]}}