{"id":2301,"date":"2024-03-30T08:25:17","date_gmt":"2024-03-30T15:25:17","guid":{"rendered":"https:\/\/pocencoffee.com\/?post_type=product&#038;p=2301"},"modified":"2024-03-30T08:25:17","modified_gmt":"2024-03-30T15:25:17","slug":"outils-de-barista-outils-de-distribution-de-cafe","status":"publish","type":"product","link":"https:\/\/pocencoffee.com\/fr\/product\/outils-de-barista-outils-de-distribution-de-cafe\/","title":{"rendered":"Outils pour baristas Outils de distribution de caf\u00e9"},"content":{"rendered":"<p><strong>Outils pour barista, outils de distribution de caf\u00e9<\/strong><\/p>\n<p>Mat\u00e9riau : base de caf\u00e9 en acier inoxydable massif, poign\u00e9e en aluminium.<\/p>\n<p>Taille : 51mm, 53mm, 58mm<\/p>\n<p>Options de personnalisation : couleur, logo, emballage<\/p>\n<p>Base : plat, fil et personnalisation<\/p>","protected":false},"excerpt":{"rendered":"<p>Poign\u00e9e lisse L'usine d'outils de distribution de caf\u00e9 propose des services OEM.<\/p>","protected":false},"featured_media":2302,"template":"","meta":[],"product_brand":[],"product_cat":[23],"product_tag":[],"class_list":{"0":"post-2301","1":"product","2":"type-product","3":"status-publish","4":"has-post-thumbnail","6":"product_cat-coffee-tamperscoffee-coffee-leveler","8":"first","9":"instock","10":"shipping-taxable","11":"product-type-simple"},"_links":{"self":[{"href":"https:\/\/pocencoffee.com\/fr\/wp-json\/wp\/v2\/product\/2301","targetHints":{"allow":["GET"]}}],"collection":[{"href":"https:\/\/pocencoffee.com\/fr\/wp-json\/wp\/v2\/product"}],"about":[{"href":"https:\/\/pocencoffee.com\/fr\/wp-json\/wp\/v2\/types\/product"}],"version-history":[{"count":2,"href":"https:\/\/pocencoffee.com\/fr\/wp-json\/wp\/v2\/product\/2301\/revisions"}],"predecessor-version":[{"id":2310,"href":"https:\/\/pocencoffee.com\/fr\/wp-json\/wp\/v2\/product\/2301\/revisions\/2310"}],"wp:featuredmedia":[{"embeddable":true,"href":"https:\/\/pocencoffee.com\/fr\/wp-json\/wp\/v2\/media\/2302"}],"wp:attachment":[{"href":"https:\/\/pocencoffee.com\/fr\/wp-json\/wp\/v2\/media?parent=2301"}],"wp:term":[{"taxonomy":"product_brand","embeddable":true,"href":"https:\/\/pocencoffee.com\/fr\/wp-json\/wp\/v2\/product_brand?post=2301"},{"taxonomy":"product_cat","embeddable":true,"href":"https:\/\/pocencoffee.com\/fr\/wp-json\/wp\/v2\/product_cat?post=2301"},{"taxonomy":"product_tag","embeddable":true,"href":"https:\/\/pocencoffee.com\/fr\/wp-json\/wp\/v2\/product_tag?post=2301"}],"curies":[{"name":"wp","href":"https:\/\/api.w.org\/{rel}","templated":true}]}}