{"id":2327,"date":"2024-03-30T09:09:01","date_gmt":"2024-03-30T16:09:01","guid":{"rendered":"https:\/\/pocencoffee.com\/?post_type=product&#038;p=2327"},"modified":"2024-03-30T09:09:01","modified_gmt":"2024-03-30T16:09:01","slug":"tasseur-et-distributeur-de-cafe-2-en-1","status":"publish","type":"product","link":"https:\/\/pocencoffee.com\/fr\/product\/tasseur-et-distributeur-de-cafe-2-en-1\/","title":{"rendered":"Tasseur et distributeur de caf\u00e9 2 en 1"},"content":{"rendered":"<p><strong>Tasseur et distributeur de caf\u00e9 2 en 1<\/strong><\/p>\n<p>Mat\u00e9riau : base de caf\u00e9 en acier inoxydable massif, poign\u00e9e en aluminium.<\/p>\n<p>Taille : 51mm, 53mm, 58mm<\/p>\n<p>Options de personnalisation : couleur, logo, emballage<\/p>\n<p>Base : plat, fil et personnalisation<\/p>","protected":false},"excerpt":{"rendered":"<p>Contactez-nous pour une commande de distributeur de caf\u00e9 OEM ou ODM.<\/p>","protected":false},"featured_media":2328,"template":"","meta":[],"product_brand":[],"product_cat":[23],"product_tag":[],"class_list":{"0":"post-2327","1":"product","2":"type-product","3":"status-publish","4":"has-post-thumbnail","6":"product_cat-coffee-tamperscoffee-coffee-leveler","8":"first","9":"instock","10":"shipping-taxable","11":"product-type-simple"},"_links":{"self":[{"href":"https:\/\/pocencoffee.com\/fr\/wp-json\/wp\/v2\/product\/2327","targetHints":{"allow":["GET"]}}],"collection":[{"href":"https:\/\/pocencoffee.com\/fr\/wp-json\/wp\/v2\/product"}],"about":[{"href":"https:\/\/pocencoffee.com\/fr\/wp-json\/wp\/v2\/types\/product"}],"version-history":[{"count":1,"href":"https:\/\/pocencoffee.com\/fr\/wp-json\/wp\/v2\/product\/2327\/revisions"}],"predecessor-version":[{"id":2330,"href":"https:\/\/pocencoffee.com\/fr\/wp-json\/wp\/v2\/product\/2327\/revisions\/2330"}],"wp:featuredmedia":[{"embeddable":true,"href":"https:\/\/pocencoffee.com\/fr\/wp-json\/wp\/v2\/media\/2328"}],"wp:attachment":[{"href":"https:\/\/pocencoffee.com\/fr\/wp-json\/wp\/v2\/media?parent=2327"}],"wp:term":[{"taxonomy":"product_brand","embeddable":true,"href":"https:\/\/pocencoffee.com\/fr\/wp-json\/wp\/v2\/product_brand?post=2327"},{"taxonomy":"product_cat","embeddable":true,"href":"https:\/\/pocencoffee.com\/fr\/wp-json\/wp\/v2\/product_cat?post=2327"},{"taxonomy":"product_tag","embeddable":true,"href":"https:\/\/pocencoffee.com\/fr\/wp-json\/wp\/v2\/product_tag?post=2327"}],"curies":[{"name":"wp","href":"https:\/\/api.w.org\/{rel}","templated":true}]}}