{"id":2331,"date":"2024-03-31T00:26:22","date_gmt":"2024-03-31T07:26:22","guid":{"rendered":"https:\/\/pocencoffee.com\/?post_type=product&#038;p=2331"},"modified":"2024-03-31T00:26:22","modified_gmt":"2024-03-31T07:26:22","slug":"barista-tools-caribrated-coffee-tampers","status":"publish","type":"product","link":"https:\/\/pocencoffee.com\/fr\/product\/barista-tools-caribrated-coffee-tampers\/","title":{"rendered":"Outils pour barista Tasseurs \u00e0 caf\u00e9 calibr\u00e9s"},"content":{"rendered":"<p><strong>Outils pour barista Tasseurs \u00e0 caf\u00e9 calibr\u00e9s<\/strong><\/p>\n<p>Mat\u00e9riau : base de caf\u00e9 en acier inoxydable massif, poign\u00e9e en aluminium.<\/p>\n<p>Taille : 51mm, 53mm, 58mm<\/p>\n<p>Options de personnalisation : couleur, logo, emballage<\/p>\n<p>Base : plat, fil et personnalisation<\/p>","protected":false},"excerpt":{"rendered":"<p>Contactez-nous pour personnaliser vos tampons \u00e0 caf\u00e9 calibr\u00e9s.<\/p>","protected":false},"featured_media":2332,"template":"","meta":[],"product_brand":[],"product_cat":[23],"product_tag":[],"class_list":{"0":"post-2331","1":"product","2":"type-product","3":"status-publish","4":"has-post-thumbnail","6":"product_cat-coffee-tamperscoffee-coffee-leveler","8":"first","9":"instock","10":"shipping-taxable","11":"product-type-simple"},"_links":{"self":[{"href":"https:\/\/pocencoffee.com\/fr\/wp-json\/wp\/v2\/product\/2331","targetHints":{"allow":["GET"]}}],"collection":[{"href":"https:\/\/pocencoffee.com\/fr\/wp-json\/wp\/v2\/product"}],"about":[{"href":"https:\/\/pocencoffee.com\/fr\/wp-json\/wp\/v2\/types\/product"}],"version-history":[{"count":1,"href":"https:\/\/pocencoffee.com\/fr\/wp-json\/wp\/v2\/product\/2331\/revisions"}],"predecessor-version":[{"id":2338,"href":"https:\/\/pocencoffee.com\/fr\/wp-json\/wp\/v2\/product\/2331\/revisions\/2338"}],"wp:featuredmedia":[{"embeddable":true,"href":"https:\/\/pocencoffee.com\/fr\/wp-json\/wp\/v2\/media\/2332"}],"wp:attachment":[{"href":"https:\/\/pocencoffee.com\/fr\/wp-json\/wp\/v2\/media?parent=2331"}],"wp:term":[{"taxonomy":"product_brand","embeddable":true,"href":"https:\/\/pocencoffee.com\/fr\/wp-json\/wp\/v2\/product_brand?post=2331"},{"taxonomy":"product_cat","embeddable":true,"href":"https:\/\/pocencoffee.com\/fr\/wp-json\/wp\/v2\/product_cat?post=2331"},{"taxonomy":"product_tag","embeddable":true,"href":"https:\/\/pocencoffee.com\/fr\/wp-json\/wp\/v2\/product_tag?post=2331"}],"curies":[{"name":"wp","href":"https:\/\/api.w.org\/{rel}","templated":true}]}}