{"id":2345,"date":"2024-03-31T00:49:39","date_gmt":"2024-03-31T07:49:39","guid":{"rendered":"https:\/\/pocencoffee.com\/?post_type=product&#038;p=2345"},"modified":"2024-03-31T00:49:39","modified_gmt":"2024-03-31T07:49:39","slug":"compresseur-de-cafe-en-bois-oem","status":"publish","type":"product","link":"https:\/\/pocencoffee.com\/fr\/product\/compresseur-de-cafe-en-bois-oem\/","title":{"rendered":"Compresseur \u00e0 caf\u00e9 en bois OEM"},"content":{"rendered":"<p><strong>Compresseur \u00e0 caf\u00e9 en bois de bonne qualit\u00e9<\/strong><\/p>\n<p>Mat\u00e9riau : base de caf\u00e9 en acier inoxydable massif, poign\u00e9e en aluminium.<\/p>\n<p>Taille : 51mm, 53mm, 58mm<\/p>\n<p>Options de personnalisation : couleur, logo, emballage<\/p>\n<p>Base : plat, fil et personnalisation<\/p>","protected":false},"excerpt":{"rendered":"<p>Base de caf\u00e9 en acier inoxydable solide, norme alimentaire, prix d'usine, qualit\u00e9 identique \u00e0 celle des grandes marques.<\/p>","protected":false},"featured_media":2347,"template":"","meta":[],"product_brand":[],"product_cat":[23],"product_tag":[],"class_list":{"0":"post-2345","1":"product","2":"type-product","3":"status-publish","4":"has-post-thumbnail","6":"product_cat-coffee-tamperscoffee-coffee-leveler","8":"first","9":"instock","10":"shipping-taxable","11":"product-type-simple"},"_links":{"self":[{"href":"https:\/\/pocencoffee.com\/fr\/wp-json\/wp\/v2\/product\/2345","targetHints":{"allow":["GET"]}}],"collection":[{"href":"https:\/\/pocencoffee.com\/fr\/wp-json\/wp\/v2\/product"}],"about":[{"href":"https:\/\/pocencoffee.com\/fr\/wp-json\/wp\/v2\/types\/product"}],"version-history":[{"count":1,"href":"https:\/\/pocencoffee.com\/fr\/wp-json\/wp\/v2\/product\/2345\/revisions"}],"predecessor-version":[{"id":2350,"href":"https:\/\/pocencoffee.com\/fr\/wp-json\/wp\/v2\/product\/2345\/revisions\/2350"}],"wp:featuredmedia":[{"embeddable":true,"href":"https:\/\/pocencoffee.com\/fr\/wp-json\/wp\/v2\/media\/2347"}],"wp:attachment":[{"href":"https:\/\/pocencoffee.com\/fr\/wp-json\/wp\/v2\/media?parent=2345"}],"wp:term":[{"taxonomy":"product_brand","embeddable":true,"href":"https:\/\/pocencoffee.com\/fr\/wp-json\/wp\/v2\/product_brand?post=2345"},{"taxonomy":"product_cat","embeddable":true,"href":"https:\/\/pocencoffee.com\/fr\/wp-json\/wp\/v2\/product_cat?post=2345"},{"taxonomy":"product_tag","embeddable":true,"href":"https:\/\/pocencoffee.com\/fr\/wp-json\/wp\/v2\/product_tag?post=2345"}],"curies":[{"name":"wp","href":"https:\/\/api.w.org\/{rel}","templated":true}]}}