{"id":2366,"date":"2024-03-31T01:22:52","date_gmt":"2024-03-31T08:22:52","guid":{"rendered":"https:\/\/pocencoffee.com\/?post_type=product&#038;p=2366"},"modified":"2024-03-31T01:22:52","modified_gmt":"2024-03-31T08:22:52","slug":"agitateur-a-cafe-expresso-aiguille-a-cafe","status":"publish","type":"product","link":"https:\/\/pocencoffee.com\/fr\/product\/agitateur-a-cafe-expresso-aiguille-a-cafe\/","title":{"rendered":"Agitateur \u00e0 caf\u00e9 expresso aiguille \u00e0 caf\u00e9"},"content":{"rendered":"<p>Agitateur \u00e0 caf\u00e9 expresso aiguille \u00e0 caf\u00e9<\/p>\n<p>Mat\u00e9riau : aiguille en acier inoxydable, manche en bois.<\/p>\n<p>Taille :  3 aiguilles<\/p>\n<p>Options de personnalisation : couleur, logo, emballage<\/p>\n<p><img decoding=\"async\" class=\"alignnone size-medium wp-image-2369\" src=\"https:\/\/pocencoffee.com\/wp-content\/uploads\/2024\/03\/size-300x103.jpg\" alt=\"\" width=\"300\" height=\"103\" title=\"\" srcset=\"https:\/\/pocencoffee.com\/wp-content\/uploads\/2024\/03\/size-300x103.jpg 300w, https:\/\/pocencoffee.com\/wp-content\/uploads\/2024\/03\/size.jpg 500w\" sizes=\"(max-width: 300px) 100vw, 300px\" \/><\/p>","protected":false},"excerpt":{"rendered":"<p>La pointe de cette aiguille \u00e0 caf\u00e9, dot\u00e9e d'un petit cercle, est id\u00e9ale pour battre la poudre de caf\u00e9 sans la tasser.<\/p>","protected":false},"featured_media":2367,"template":"","meta":[],"product_brand":[],"product_cat":[23],"product_tag":[],"class_list":{"0":"post-2366","1":"product","2":"type-product","3":"status-publish","4":"has-post-thumbnail","6":"product_cat-coffee-tamperscoffee-coffee-leveler","8":"first","9":"instock","10":"shipping-taxable","11":"product-type-simple"},"_links":{"self":[{"href":"https:\/\/pocencoffee.com\/fr\/wp-json\/wp\/v2\/product\/2366","targetHints":{"allow":["GET"]}}],"collection":[{"href":"https:\/\/pocencoffee.com\/fr\/wp-json\/wp\/v2\/product"}],"about":[{"href":"https:\/\/pocencoffee.com\/fr\/wp-json\/wp\/v2\/types\/product"}],"version-history":[{"count":1,"href":"https:\/\/pocencoffee.com\/fr\/wp-json\/wp\/v2\/product\/2366\/revisions"}],"predecessor-version":[{"id":2370,"href":"https:\/\/pocencoffee.com\/fr\/wp-json\/wp\/v2\/product\/2366\/revisions\/2370"}],"wp:featuredmedia":[{"embeddable":true,"href":"https:\/\/pocencoffee.com\/fr\/wp-json\/wp\/v2\/media\/2367"}],"wp:attachment":[{"href":"https:\/\/pocencoffee.com\/fr\/wp-json\/wp\/v2\/media?parent=2366"}],"wp:term":[{"taxonomy":"product_brand","embeddable":true,"href":"https:\/\/pocencoffee.com\/fr\/wp-json\/wp\/v2\/product_brand?post=2366"},{"taxonomy":"product_cat","embeddable":true,"href":"https:\/\/pocencoffee.com\/fr\/wp-json\/wp\/v2\/product_cat?post=2366"},{"taxonomy":"product_tag","embeddable":true,"href":"https:\/\/pocencoffee.com\/fr\/wp-json\/wp\/v2\/product_tag?post=2366"}],"curies":[{"name":"wp","href":"https:\/\/api.w.org\/{rel}","templated":true}]}}