{"id":2439,"date":"2024-04-09T06:31:16","date_gmt":"2024-04-09T13:31:16","guid":{"rendered":"https:\/\/pocencoffee.com\/?post_type=product&#038;p=2439"},"modified":"2024-04-09T06:31:16","modified_gmt":"2024-04-09T13:31:16","slug":"les-baristas-choisissent-un-tapis-de-tassage-de-cafe-souple","status":"publish","type":"product","link":"https:\/\/pocencoffee.com\/fr\/product\/les-baristas-choisissent-un-tapis-de-tassage-de-cafe-souple\/","title":{"rendered":"Les baristas choisissent un tapis de tassage souple pour le caf\u00e9"},"content":{"rendered":"<p><strong>Les baristas choisissent un tapis de tassage souple pour le caf\u00e9<\/strong><\/p>\n<p>Il est fabriqu\u00e9 en silicone souple et le coin de 3 cm s'adapte \u00e0 la plupart des bords de table.<\/p>\n<p>Le diam\u00e8tre de la base est de 60 mm et offre un support souple pour tous les types de tamis \u00e0 caf\u00e9, de niveleurs et de portafiltres.<\/p>\n<p>Nous sommes un fabricant qui offre des services de personnalisation de logos, de couleurs et d'emballages.  Contactez-nous pour vos commandes.<\/p>","protected":false},"excerpt":{"rendered":"<p>Tapis en silicone souple pour le coin caf\u00e9 des baristas.<\/p>\n<p>Mat\u00e9riau : caoutchouc de silicone<\/p>\n<p>Taille : 21cm x 15cm<\/p>\n<p>Options de personnalisation : LOGO , emballage<\/p>\n<p>Base : le diam\u00e8tre de la base est de 60 mm. .<\/p>","protected":false},"featured_media":2440,"template":"","meta":[],"product_brand":[],"product_cat":[26],"product_tag":[],"class_list":{"0":"post-2439","1":"product","2":"type-product","3":"status-publish","4":"has-post-thumbnail","6":"product_cat-coffee-corner-mat","8":"first","9":"instock","10":"shipping-taxable","11":"product-type-simple"},"_links":{"self":[{"href":"https:\/\/pocencoffee.com\/fr\/wp-json\/wp\/v2\/product\/2439","targetHints":{"allow":["GET"]}}],"collection":[{"href":"https:\/\/pocencoffee.com\/fr\/wp-json\/wp\/v2\/product"}],"about":[{"href":"https:\/\/pocencoffee.com\/fr\/wp-json\/wp\/v2\/types\/product"}],"version-history":[{"count":1,"href":"https:\/\/pocencoffee.com\/fr\/wp-json\/wp\/v2\/product\/2439\/revisions"}],"predecessor-version":[{"id":2442,"href":"https:\/\/pocencoffee.com\/fr\/wp-json\/wp\/v2\/product\/2439\/revisions\/2442"}],"wp:featuredmedia":[{"embeddable":true,"href":"https:\/\/pocencoffee.com\/fr\/wp-json\/wp\/v2\/media\/2440"}],"wp:attachment":[{"href":"https:\/\/pocencoffee.com\/fr\/wp-json\/wp\/v2\/media?parent=2439"}],"wp:term":[{"taxonomy":"product_brand","embeddable":true,"href":"https:\/\/pocencoffee.com\/fr\/wp-json\/wp\/v2\/product_brand?post=2439"},{"taxonomy":"product_cat","embeddable":true,"href":"https:\/\/pocencoffee.com\/fr\/wp-json\/wp\/v2\/product_cat?post=2439"},{"taxonomy":"product_tag","embeddable":true,"href":"https:\/\/pocencoffee.com\/fr\/wp-json\/wp\/v2\/product_tag?post=2439"}],"curies":[{"name":"wp","href":"https:\/\/api.w.org\/{rel}","templated":true}]}}