{"id":2459,"date":"2024-04-09T06:53:31","date_gmt":"2024-04-09T13:53:31","guid":{"rendered":"https:\/\/pocencoffee.com\/?post_type=product&#038;p=2459"},"modified":"2024-04-09T07:00:11","modified_gmt":"2024-04-09T14:00:11","slug":"tapis-de-bourrage-de-cafe-souple-usine","status":"publish","type":"product","link":"https:\/\/pocencoffee.com\/fr\/product\/tapis-de-bourrage-de-cafe-souple-usine\/","title":{"rendered":"Usine de tapis de tassage pour caf\u00e9 mou"},"content":{"rendered":"<p><strong>Usine de tapis de tassage pour caf\u00e9 mou<\/strong><\/p>\n<p>Il est fabriqu\u00e9 en silicone souple et pr\u00e9sente le design le plus classique : pas de bord de table. Vous pouvez le placer n'importe o\u00f9.<\/p>\n<p>Le diam\u00e8tre de la base est de 60 mm et offre un support souple pour tous les types de tamis \u00e0 caf\u00e9, de niveleurs et de portafiltres.<\/p>\n<p>Nous sommes un fabricant qui offre des services de personnalisation de logos, de couleurs et d'emballages.  Contactez-nous pour vos commandes.<\/p>","protected":false},"excerpt":{"rendered":"<p><strong>Tapis de bourrage souple pour le caf\u00e9<\/strong><\/p>\n<p>Mat\u00e9riau : caoutchouc de silicone<\/p>\n<p>Taille : 20cm x 15cm<\/p>\n<p>Options de personnalisation : LOGO , emballage<\/p>\n<p>Base : le diam\u00e8tre de la base est de 60 mm. .<\/p>","protected":false},"featured_media":2460,"template":"","meta":[],"product_brand":[],"product_cat":[26],"product_tag":[],"class_list":{"0":"post-2459","1":"product","2":"type-product","3":"status-publish","4":"has-post-thumbnail","6":"product_cat-coffee-corner-mat","8":"first","9":"instock","10":"shipping-taxable","11":"product-type-simple"},"_links":{"self":[{"href":"https:\/\/pocencoffee.com\/fr\/wp-json\/wp\/v2\/product\/2459","targetHints":{"allow":["GET"]}}],"collection":[{"href":"https:\/\/pocencoffee.com\/fr\/wp-json\/wp\/v2\/product"}],"about":[{"href":"https:\/\/pocencoffee.com\/fr\/wp-json\/wp\/v2\/types\/product"}],"version-history":[{"count":1,"href":"https:\/\/pocencoffee.com\/fr\/wp-json\/wp\/v2\/product\/2459\/revisions"}],"predecessor-version":[{"id":2462,"href":"https:\/\/pocencoffee.com\/fr\/wp-json\/wp\/v2\/product\/2459\/revisions\/2462"}],"wp:featuredmedia":[{"embeddable":true,"href":"https:\/\/pocencoffee.com\/fr\/wp-json\/wp\/v2\/media\/2460"}],"wp:attachment":[{"href":"https:\/\/pocencoffee.com\/fr\/wp-json\/wp\/v2\/media?parent=2459"}],"wp:term":[{"taxonomy":"product_brand","embeddable":true,"href":"https:\/\/pocencoffee.com\/fr\/wp-json\/wp\/v2\/product_brand?post=2459"},{"taxonomy":"product_cat","embeddable":true,"href":"https:\/\/pocencoffee.com\/fr\/wp-json\/wp\/v2\/product_cat?post=2459"},{"taxonomy":"product_tag","embeddable":true,"href":"https:\/\/pocencoffee.com\/fr\/wp-json\/wp\/v2\/product_tag?post=2459"}],"curies":[{"name":"wp","href":"https:\/\/api.w.org\/{rel}","templated":true}]}}