{"id":2463,"date":"2024-04-09T07:00:36","date_gmt":"2024-04-09T14:00:36","guid":{"rendered":"https:\/\/pocencoffee.com\/?post_type=product&#038;p=2463"},"modified":"2024-04-09T07:10:35","modified_gmt":"2024-04-09T14:10:35","slug":"fabricant-de-tasses-a-cafe-et-de-porte-filtres","status":"publish","type":"product","link":"https:\/\/pocencoffee.com\/fr\/product\/fabricant-de-tasses-a-cafe-et-de-porte-filtres\/","title":{"rendered":"Fabricant de tasseurs \u00e0 caf\u00e9 et de porte-filtres"},"content":{"rendered":"<p><strong>Fabricant de tasseurs \u00e0 caf\u00e9 et de porte-filtres<\/strong><\/p>\n<p>Le dessus et le dessous sont en silicone souple et les supports en acier inoxydable.  Cette station de tamper les r\u00e9unit en tant que portafiltre, support de tamper \u00e0 caf\u00e9 et station.<\/p>\n<p>Le diam\u00e8tre de la base est de 60 mm et offre un support souple pour tous les types de tamis \u00e0 caf\u00e9, de niveleurs et de portafiltres.<\/p>\n<p>Nous sommes un fabricant qui offre des services de personnalisation de logos, de couleurs et d'emballages.  Contactez-nous pour vos commandes.<\/p>","protected":false},"excerpt":{"rendered":"<p><strong>Tampon \u00e0 caf\u00e9 et porte-filtre<\/strong><\/p>\n<p>Mati\u00e8re : caoutchouc de silicone, acier inoxydable.<\/p>\n<p>Taille : 14\u00d77.5\u00d75.6cm<\/p>\n<p>Options de personnalisation : LOGO , emballage<\/p>\n<p>Base : le diam\u00e8tre de la base est de 60 mm. .<\/p>","protected":false},"featured_media":2464,"template":"","meta":[],"product_brand":[],"product_cat":[26],"product_tag":[],"class_list":{"0":"post-2463","1":"product","2":"type-product","3":"status-publish","4":"has-post-thumbnail","6":"product_cat-coffee-corner-mat","8":"first","9":"instock","10":"shipping-taxable","11":"product-type-simple"},"_links":{"self":[{"href":"https:\/\/pocencoffee.com\/fr\/wp-json\/wp\/v2\/product\/2463","targetHints":{"allow":["GET"]}}],"collection":[{"href":"https:\/\/pocencoffee.com\/fr\/wp-json\/wp\/v2\/product"}],"about":[{"href":"https:\/\/pocencoffee.com\/fr\/wp-json\/wp\/v2\/types\/product"}],"version-history":[{"count":1,"href":"https:\/\/pocencoffee.com\/fr\/wp-json\/wp\/v2\/product\/2463\/revisions"}],"predecessor-version":[{"id":2468,"href":"https:\/\/pocencoffee.com\/fr\/wp-json\/wp\/v2\/product\/2463\/revisions\/2468"}],"wp:featuredmedia":[{"embeddable":true,"href":"https:\/\/pocencoffee.com\/fr\/wp-json\/wp\/v2\/media\/2464"}],"wp:attachment":[{"href":"https:\/\/pocencoffee.com\/fr\/wp-json\/wp\/v2\/media?parent=2463"}],"wp:term":[{"taxonomy":"product_brand","embeddable":true,"href":"https:\/\/pocencoffee.com\/fr\/wp-json\/wp\/v2\/product_brand?post=2463"},{"taxonomy":"product_cat","embeddable":true,"href":"https:\/\/pocencoffee.com\/fr\/wp-json\/wp\/v2\/product_cat?post=2463"},{"taxonomy":"product_tag","embeddable":true,"href":"https:\/\/pocencoffee.com\/fr\/wp-json\/wp\/v2\/product_tag?post=2463"}],"curies":[{"name":"wp","href":"https:\/\/api.w.org\/{rel}","templated":true}]}}