{"id":2469,"date":"2024-04-09T07:13:26","date_gmt":"2024-04-09T14:13:26","guid":{"rendered":"https:\/\/pocencoffee.com\/?post_type=product&#038;p=2469"},"modified":"2024-04-09T07:31:00","modified_gmt":"2024-04-09T14:31:00","slug":"mini-porte-tampon-unique-pour-les-tampons-a-cafe","status":"publish","type":"product","link":"https:\/\/pocencoffee.com\/fr\/product\/mini-porte-tampon-unique-pour-les-tampons-a-cafe\/","title":{"rendered":"Mini-support simple pour tasseurs \u00e0 caf\u00e9"},"content":{"rendered":"<p><strong>Mini-support simple pour tasseurs \u00e0 caf\u00e9<\/strong><\/p>\n<p>Il est fabriqu\u00e9 en silicone souple.<\/p>\n<p>Le diam\u00e8tre de la base est de 75 mm et offre un support souple pour tous les types de tamis \u00e0 caf\u00e9, de niveleurs et de portafiltres.<\/p>\n<p>Nous sommes un fabricant qui offre des services de personnalisation de logos, de couleurs et d'emballages.  Contactez-nous pour vos commandes.<\/p>","protected":false},"excerpt":{"rendered":"<p><strong>support pour tampons \u00e0 caf\u00e9<\/strong><\/p>\n<p>Mat\u00e9riau : caoutchouc de silicone<\/p>\n<p>Taille : 7.5X7.5CM<\/p>\n<p>Options de personnalisation : LOGO , emballage<\/p>\n<p>Base : Elle s'adapte \u00e0 tous les types de tamper \u00e0 caf\u00e9 ou de niveleur de caf\u00e9 dont le diam\u00e8tre est inf\u00e9rieur \u00e0 60 mm.<\/p>","protected":false},"featured_media":2470,"template":"","meta":[],"product_brand":[],"product_cat":[26],"product_tag":[],"class_list":{"0":"post-2469","1":"product","2":"type-product","3":"status-publish","4":"has-post-thumbnail","6":"product_cat-coffee-corner-mat","8":"first","9":"instock","10":"shipping-taxable","11":"product-type-simple"},"_links":{"self":[{"href":"https:\/\/pocencoffee.com\/fr\/wp-json\/wp\/v2\/product\/2469","targetHints":{"allow":["GET"]}}],"collection":[{"href":"https:\/\/pocencoffee.com\/fr\/wp-json\/wp\/v2\/product"}],"about":[{"href":"https:\/\/pocencoffee.com\/fr\/wp-json\/wp\/v2\/types\/product"}],"version-history":[{"count":4,"href":"https:\/\/pocencoffee.com\/fr\/wp-json\/wp\/v2\/product\/2469\/revisions"}],"predecessor-version":[{"id":2476,"href":"https:\/\/pocencoffee.com\/fr\/wp-json\/wp\/v2\/product\/2469\/revisions\/2476"}],"wp:featuredmedia":[{"embeddable":true,"href":"https:\/\/pocencoffee.com\/fr\/wp-json\/wp\/v2\/media\/2470"}],"wp:attachment":[{"href":"https:\/\/pocencoffee.com\/fr\/wp-json\/wp\/v2\/media?parent=2469"}],"wp:term":[{"taxonomy":"product_brand","embeddable":true,"href":"https:\/\/pocencoffee.com\/fr\/wp-json\/wp\/v2\/product_brand?post=2469"},{"taxonomy":"product_cat","embeddable":true,"href":"https:\/\/pocencoffee.com\/fr\/wp-json\/wp\/v2\/product_cat?post=2469"},{"taxonomy":"product_tag","embeddable":true,"href":"https:\/\/pocencoffee.com\/fr\/wp-json\/wp\/v2\/product_tag?post=2469"}],"curies":[{"name":"wp","href":"https:\/\/api.w.org\/{rel}","templated":true}]}}