{"id":2501,"date":"2024-04-10T02:23:31","date_gmt":"2024-04-10T09:23:31","guid":{"rendered":"https:\/\/pocencoffee.com\/?post_type=product&#038;p=2501"},"modified":"2024-04-10T02:33:34","modified_gmt":"2024-04-10T09:33:34","slug":"grande-boite-a-cafe-en-plastique","status":"publish","type":"product","link":"https:\/\/pocencoffee.com\/fr\/product\/grande-boite-a-cafe-en-plastique\/","title":{"rendered":"Grande bo\u00eete en plastique pour taper le caf\u00e9"},"content":{"rendered":"<p><strong>Grande bo\u00eete en plastique pour taper le caf\u00e9<\/strong><\/p>\n<p>Cette bo\u00eete \u00e0 chocs est une mini-bo\u00eete \u00e0 chocs en plastique. Elle convient parfaitement aux consommateurs qui l'utilisent \u00e0 la maison ou au bureau.<\/p>\n<p>La tige de frappe est en plastique souple, ce qui la rend plus silencieuse lors de la frappe.<\/p>\n<p>Contactez-nous pour obtenir un devis pour votre commande.<\/p>\n<p>&nbsp;<\/p>","protected":false},"excerpt":{"rendered":"<p>Bo\u00eete \u00e0 marc de caf\u00e9 en plastique<\/p>\n<p>Mat\u00e9riau : plastique ABS.<\/p>\n<p>Taille : Dia. 12,8 x H 15 x L 16cm<\/p>\n<p>Couleur : comme sur la photo.<\/p>\n<p>Exigences personnalis\u00e9es : logo, emballage<\/p>","protected":false},"featured_media":2498,"template":"","meta":[],"product_brand":[],"product_cat":[25],"product_tag":[],"class_list":{"0":"post-2501","1":"product","2":"type-product","3":"status-publish","4":"has-post-thumbnail","6":"product_cat-knock-box","8":"first","9":"instock","10":"shipping-taxable","11":"product-type-simple"},"_links":{"self":[{"href":"https:\/\/pocencoffee.com\/fr\/wp-json\/wp\/v2\/product\/2501","targetHints":{"allow":["GET"]}}],"collection":[{"href":"https:\/\/pocencoffee.com\/fr\/wp-json\/wp\/v2\/product"}],"about":[{"href":"https:\/\/pocencoffee.com\/fr\/wp-json\/wp\/v2\/types\/product"}],"version-history":[{"count":1,"href":"https:\/\/pocencoffee.com\/fr\/wp-json\/wp\/v2\/product\/2501\/revisions"}],"predecessor-version":[{"id":2504,"href":"https:\/\/pocencoffee.com\/fr\/wp-json\/wp\/v2\/product\/2501\/revisions\/2504"}],"wp:featuredmedia":[{"embeddable":true,"href":"https:\/\/pocencoffee.com\/fr\/wp-json\/wp\/v2\/media\/2498"}],"wp:attachment":[{"href":"https:\/\/pocencoffee.com\/fr\/wp-json\/wp\/v2\/media?parent=2501"}],"wp:term":[{"taxonomy":"product_brand","embeddable":true,"href":"https:\/\/pocencoffee.com\/fr\/wp-json\/wp\/v2\/product_brand?post=2501"},{"taxonomy":"product_cat","embeddable":true,"href":"https:\/\/pocencoffee.com\/fr\/wp-json\/wp\/v2\/product_cat?post=2501"},{"taxonomy":"product_tag","embeddable":true,"href":"https:\/\/pocencoffee.com\/fr\/wp-json\/wp\/v2\/product_tag?post=2501"}],"curies":[{"name":"wp","href":"https:\/\/api.w.org\/{rel}","templated":true}]}}