{"id":2505,"date":"2024-04-10T02:37:38","date_gmt":"2024-04-10T09:37:38","guid":{"rendered":"https:\/\/pocencoffee.com\/?post_type=product&#038;p=2505"},"modified":"2024-04-10T02:44:41","modified_gmt":"2024-04-10T09:44:41","slug":"usine-oem-order-solid-rubber-wood-knock-box","status":"publish","type":"product","link":"https:\/\/pocencoffee.com\/fr\/product\/usine-oem-order-solid-rubber-wood-knock-box\/","title":{"rendered":"Bo\u00eete \u00e0 copeaux en bois massif de caoutchouc, commande OEM d'usine"},"content":{"rendered":"<p><strong>Bo\u00eete \u00e0 copeaux en bois massif de caoutchouc, commande OEM d'usine<\/strong><\/p>\n<p>Cette bo\u00eete \u00e0 chocs est livr\u00e9e avec un couvercle ext\u00e9rieur en bois de caoutchouc massif et une bo\u00eete \u00e0 chocs en acier inoxydable.<\/p>\n<p>Le b\u00e2ton de frappe est envelopp\u00e9 d'un mat\u00e9riau \u00e9pais et souple.  Elle est suffisamment solide pour supporter tous les coups, m\u00eame \u00e0 petite voix.<\/p>\n<p>La capacit\u00e9 de 1200 ml offre un espace suffisant pour recueillir le marc de caf\u00e9.<\/p>\n<p>Contactez-nous pour obtenir un devis pour votre commande.<\/p>\n<p><img fetchpriority=\"high\" decoding=\"async\" class=\"alignnone size-medium wp-image-2511\" src=\"https:\/\/pocencoffee.com\/wp-content\/uploads\/2024\/04\/KNOCK-BOX-SIZE-300x188.jpg\" alt=\"\" width=\"300\" height=\"188\" title=\"\" srcset=\"https:\/\/pocencoffee.com\/wp-content\/uploads\/2024\/04\/KNOCK-BOX-SIZE-300x188.jpg 300w, https:\/\/pocencoffee.com\/wp-content\/uploads\/2024\/04\/KNOCK-BOX-SIZE-600x375.jpg 600w, https:\/\/pocencoffee.com\/wp-content\/uploads\/2024\/04\/KNOCK-BOX-SIZE.jpg 753w\" sizes=\"(max-width: 300px) 100vw, 300px\" \/><\/p>","protected":false},"excerpt":{"rendered":"<p>Bo\u00eete \u00e0 chocs de 1200 ml ou 2500 ml<\/p>\n<p>Mat\u00e9riau : bois de caoutchouc massif, acier inoxydable 201, tige souple.<\/p>\n<p>Taille : 21 x 19,5 x 12 cm ; 28,5 x 18,8 x 12cm<\/p>\n<p>Couleur : comme sur la photo.<\/p>\n<p>Exigences personnalis\u00e9es : logo, emballage<\/p>","protected":false},"featured_media":2506,"template":"","meta":[],"product_brand":[],"product_cat":[25],"product_tag":[],"class_list":{"0":"post-2505","1":"product","2":"type-product","3":"status-publish","4":"has-post-thumbnail","6":"product_cat-knock-box","8":"first","9":"instock","10":"shipping-taxable","11":"product-type-simple"},"_links":{"self":[{"href":"https:\/\/pocencoffee.com\/fr\/wp-json\/wp\/v2\/product\/2505","targetHints":{"allow":["GET"]}}],"collection":[{"href":"https:\/\/pocencoffee.com\/fr\/wp-json\/wp\/v2\/product"}],"about":[{"href":"https:\/\/pocencoffee.com\/fr\/wp-json\/wp\/v2\/types\/product"}],"version-history":[{"count":1,"href":"https:\/\/pocencoffee.com\/fr\/wp-json\/wp\/v2\/product\/2505\/revisions"}],"predecessor-version":[{"id":2512,"href":"https:\/\/pocencoffee.com\/fr\/wp-json\/wp\/v2\/product\/2505\/revisions\/2512"}],"wp:featuredmedia":[{"embeddable":true,"href":"https:\/\/pocencoffee.com\/fr\/wp-json\/wp\/v2\/media\/2506"}],"wp:attachment":[{"href":"https:\/\/pocencoffee.com\/fr\/wp-json\/wp\/v2\/media?parent=2505"}],"wp:term":[{"taxonomy":"product_brand","embeddable":true,"href":"https:\/\/pocencoffee.com\/fr\/wp-json\/wp\/v2\/product_brand?post=2505"},{"taxonomy":"product_cat","embeddable":true,"href":"https:\/\/pocencoffee.com\/fr\/wp-json\/wp\/v2\/product_cat?post=2505"},{"taxonomy":"product_tag","embeddable":true,"href":"https:\/\/pocencoffee.com\/fr\/wp-json\/wp\/v2\/product_tag?post=2505"}],"curies":[{"name":"wp","href":"https:\/\/api.w.org\/{rel}","templated":true}]}}