{"id":2514,"date":"2024-04-10T02:45:41","date_gmt":"2024-04-10T09:45:41","guid":{"rendered":"https:\/\/pocencoffee.com\/?post_type=product&#038;p=2514"},"modified":"2024-04-10T02:53:33","modified_gmt":"2024-04-10T09:53:33","slug":"prix-de-gros-s-s-boite-a-chocs-pour-le-cafe","status":"publish","type":"product","link":"https:\/\/pocencoffee.com\/fr\/product\/prix-de-gros-s-s-boite-a-chocs-pour-le-cafe\/","title":{"rendered":"Prix de gros du bac \u00e0 marc de caf\u00e9 S\/S"},"content":{"rendered":"<p><strong>Prix de gros Bo\u00eete \u00e0 caf\u00e9 en acier inoxydable<\/strong><\/p>\n<p>Cette bo\u00eete \u00e0 chocs est fabriqu\u00e9e en acier inoxydable, les bords sup\u00e9rieur et inf\u00e9rieur \u00e9tant recouverts de caoutchouc de silicone pour \u00e9viter tout glissement. La tige de frappe est \u00e9galement souple.<\/p>\n<p>Le b\u00e2ton de frappe est envelopp\u00e9 d'un mat\u00e9riau \u00e9pais et souple.  Elle est suffisamment solide pour supporter tous les coups, m\u00eame \u00e0 petite voix.<\/p>\n<p>La capacit\u00e9 de 1800 ml offre un espace suffisant pour recueillir le marc de caf\u00e9.<\/p>\n<p>Contactez-nous pour obtenir un devis pour votre commande.<\/p>","protected":false},"excerpt":{"rendered":"<p>Bo\u00eete \u00e0 chocs en gros<\/p>\n<p>Mat\u00e9riau : acier inoxydable 201, tige souple.<\/p>\n<p>Taille : 17 x 17 x 16 cm (int\u00e9rieur 14,5 cm)<\/p>\n<p>Couleur : comme dans l'image, ou couleur noire.<\/p>\n<p>Exigences personnalis\u00e9es : logo, emballage<\/p>","protected":false},"featured_media":2515,"template":"","meta":[],"product_brand":[],"product_cat":[25],"product_tag":[],"class_list":{"0":"post-2514","1":"product","2":"type-product","3":"status-publish","4":"has-post-thumbnail","6":"product_cat-knock-box","8":"first","9":"instock","10":"shipping-taxable","11":"product-type-simple"},"_links":{"self":[{"href":"https:\/\/pocencoffee.com\/fr\/wp-json\/wp\/v2\/product\/2514","targetHints":{"allow":["GET"]}}],"collection":[{"href":"https:\/\/pocencoffee.com\/fr\/wp-json\/wp\/v2\/product"}],"about":[{"href":"https:\/\/pocencoffee.com\/fr\/wp-json\/wp\/v2\/types\/product"}],"version-history":[{"count":1,"href":"https:\/\/pocencoffee.com\/fr\/wp-json\/wp\/v2\/product\/2514\/revisions"}],"predecessor-version":[{"id":2519,"href":"https:\/\/pocencoffee.com\/fr\/wp-json\/wp\/v2\/product\/2514\/revisions\/2519"}],"wp:featuredmedia":[{"embeddable":true,"href":"https:\/\/pocencoffee.com\/fr\/wp-json\/wp\/v2\/media\/2515"}],"wp:attachment":[{"href":"https:\/\/pocencoffee.com\/fr\/wp-json\/wp\/v2\/media?parent=2514"}],"wp:term":[{"taxonomy":"product_brand","embeddable":true,"href":"https:\/\/pocencoffee.com\/fr\/wp-json\/wp\/v2\/product_brand?post=2514"},{"taxonomy":"product_cat","embeddable":true,"href":"https:\/\/pocencoffee.com\/fr\/wp-json\/wp\/v2\/product_cat?post=2514"},{"taxonomy":"product_tag","embeddable":true,"href":"https:\/\/pocencoffee.com\/fr\/wp-json\/wp\/v2\/product_tag?post=2514"}],"curies":[{"name":"wp","href":"https:\/\/api.w.org\/{rel}","templated":true}]}}