{"id":2528,"date":"2024-04-12T06:56:45","date_gmt":"2024-04-12T13:56:45","guid":{"rendered":"https:\/\/pocencoffee.com\/?post_type=product&#038;p=2528"},"modified":"2024-04-12T07:04:18","modified_gmt":"2024-04-12T14:04:18","slug":"tampons-a-cafe-en-bois-en-gros","status":"publish","type":"product","link":"https:\/\/pocencoffee.com\/fr\/product\/tampons-a-cafe-en-bois-en-gros\/","title":{"rendered":"Tampons \u00e0 caf\u00e9 en bois \u00e0 encliqueter vendus en gros"},"content":{"rendered":"<p><strong>Tampons \u00e0 caf\u00e9 en bois \u00e0 encliqueter vendus en gros<\/strong><\/p>\n<p>Ce tamper \u00e0 caf\u00e9 est compos\u00e9 d'une base en acier inoxydable, d'une poign\u00e9e en bois massif et d'une vis en m\u00e9tal \u00e0 l'int\u00e9rieur.<\/p>\n<p>Ce type de mat\u00e9riau s'associe \u00e0 la qualit\u00e9 sup\u00e9rieure des tampons \u00e0 caf\u00e9.<\/p>\n<p>Si vous \u00eates \u00e0 la recherche de tampons \u00e0 caf\u00e9 de bonne qualit\u00e9, contactez-nous.<\/p>\n<p>Nous offrons des services personnalis\u00e9s tels que le LOGO, la COULEUR et l'EMBALLAGE.<\/p>","protected":false},"excerpt":{"rendered":"<p>Mat\u00e9riau : base de caf\u00e9 en acier inoxydable massif, poign\u00e9e en bois massif.<\/p>\n<p>Taille : 51mm, 53mm, 58mm<\/p>\n<p>Options de personnalisation : couleur, logo, emballage<\/p>\n<p>Base : plat, fil et personnalisation<\/p>","protected":false},"featured_media":2529,"template":"","meta":[],"product_brand":[],"product_cat":[23],"product_tag":[],"class_list":{"0":"post-2528","1":"product","2":"type-product","3":"status-publish","4":"has-post-thumbnail","6":"product_cat-coffee-tamperscoffee-coffee-leveler","8":"first","9":"instock","10":"shipping-taxable","11":"product-type-simple"},"_links":{"self":[{"href":"https:\/\/pocencoffee.com\/fr\/wp-json\/wp\/v2\/product\/2528","targetHints":{"allow":["GET"]}}],"collection":[{"href":"https:\/\/pocencoffee.com\/fr\/wp-json\/wp\/v2\/product"}],"about":[{"href":"https:\/\/pocencoffee.com\/fr\/wp-json\/wp\/v2\/types\/product"}],"version-history":[{"count":2,"href":"https:\/\/pocencoffee.com\/fr\/wp-json\/wp\/v2\/product\/2528\/revisions"}],"predecessor-version":[{"id":2533,"href":"https:\/\/pocencoffee.com\/fr\/wp-json\/wp\/v2\/product\/2528\/revisions\/2533"}],"wp:featuredmedia":[{"embeddable":true,"href":"https:\/\/pocencoffee.com\/fr\/wp-json\/wp\/v2\/media\/2529"}],"wp:attachment":[{"href":"https:\/\/pocencoffee.com\/fr\/wp-json\/wp\/v2\/media?parent=2528"}],"wp:term":[{"taxonomy":"product_brand","embeddable":true,"href":"https:\/\/pocencoffee.com\/fr\/wp-json\/wp\/v2\/product_brand?post=2528"},{"taxonomy":"product_cat","embeddable":true,"href":"https:\/\/pocencoffee.com\/fr\/wp-json\/wp\/v2\/product_cat?post=2528"},{"taxonomy":"product_tag","embeddable":true,"href":"https:\/\/pocencoffee.com\/fr\/wp-json\/wp\/v2\/product_tag?post=2528"}],"curies":[{"name":"wp","href":"https:\/\/api.w.org\/{rel}","templated":true}]}}