{"id":2550,"date":"2024-04-12T07:44:20","date_gmt":"2024-04-12T14:44:20","guid":{"rendered":"https:\/\/pocencoffee.com\/?post_type=product&#038;p=2550"},"modified":"2024-04-12T07:48:23","modified_gmt":"2024-04-12T14:48:23","slug":"mini-bac-a-marc-de-cafe-personnalise-avec-logo","status":"publish","type":"product","link":"https:\/\/pocencoffee.com\/fr\/product\/mini-bac-a-marc-de-cafe-personnalise-avec-logo\/","title":{"rendered":"Mini bac \u00e0 marc de caf\u00e9 personnalis\u00e9 avec logo"},"content":{"rendered":"<p><strong>Mini bac \u00e0 marc de caf\u00e9 personnalis\u00e9 avec logo<\/strong><\/p>\n<p>La tige de frappe est en plastique souple, ce qui la rend plus silencieuse lors de la frappe.<\/p>\n<p>Le bac \u00e0 marc est fabriqu\u00e9 en plastique ABS, un mat\u00e9riau plastique durable.<\/p>\n<p>Un format mini est id\u00e9al pour votre coin caf\u00e9 \u00e0 la maison ou au bureau.<\/p>\n<p>Contactez-nous pour obtenir un devis pour votre commande.<\/p>\n<p><img fetchpriority=\"high\" decoding=\"async\" class=\"alignnone size-medium wp-image-2555\" src=\"https:\/\/pocencoffee.com\/wp-content\/uploads\/2024\/04\/CKJ-size-300x265.jpg\" alt=\"\" width=\"300\" height=\"265\" title=\"\" srcset=\"https:\/\/pocencoffee.com\/wp-content\/uploads\/2024\/04\/CKJ-size-300x265.jpg 300w, https:\/\/pocencoffee.com\/wp-content\/uploads\/2024\/04\/CKJ-size.jpg 594w\" sizes=\"(max-width: 300px) 100vw, 300px\" \/><\/p>","protected":false},"excerpt":{"rendered":"<p><strong>mini bac \u00e0 marc de caf\u00e9<\/strong><\/p>\n<p>Mat\u00e9riau : plastique ABS.<\/p>\n<p>Dimensions : 10 x 10 x 11 cm<\/p>\n<p>Couleur : comme sur la photo.<\/p>\n<p>Exigences personnalis\u00e9es : logo, emballage<\/p>","protected":false},"featured_media":2551,"template":"","meta":[],"product_brand":[],"product_cat":[25],"product_tag":[],"class_list":{"0":"post-2550","1":"product","2":"type-product","3":"status-publish","4":"has-post-thumbnail","6":"product_cat-knock-box","8":"first","9":"instock","10":"shipping-taxable","11":"product-type-simple"},"_links":{"self":[{"href":"https:\/\/pocencoffee.com\/fr\/wp-json\/wp\/v2\/product\/2550","targetHints":{"allow":["GET"]}}],"collection":[{"href":"https:\/\/pocencoffee.com\/fr\/wp-json\/wp\/v2\/product"}],"about":[{"href":"https:\/\/pocencoffee.com\/fr\/wp-json\/wp\/v2\/types\/product"}],"version-history":[{"count":1,"href":"https:\/\/pocencoffee.com\/fr\/wp-json\/wp\/v2\/product\/2550\/revisions"}],"predecessor-version":[{"id":2556,"href":"https:\/\/pocencoffee.com\/fr\/wp-json\/wp\/v2\/product\/2550\/revisions\/2556"}],"wp:featuredmedia":[{"embeddable":true,"href":"https:\/\/pocencoffee.com\/fr\/wp-json\/wp\/v2\/media\/2551"}],"wp:attachment":[{"href":"https:\/\/pocencoffee.com\/fr\/wp-json\/wp\/v2\/media?parent=2550"}],"wp:term":[{"taxonomy":"product_brand","embeddable":true,"href":"https:\/\/pocencoffee.com\/fr\/wp-json\/wp\/v2\/product_brand?post=2550"},{"taxonomy":"product_cat","embeddable":true,"href":"https:\/\/pocencoffee.com\/fr\/wp-json\/wp\/v2\/product_cat?post=2550"},{"taxonomy":"product_tag","embeddable":true,"href":"https:\/\/pocencoffee.com\/fr\/wp-json\/wp\/v2\/product_tag?post=2550"}],"curies":[{"name":"wp","href":"https:\/\/api.w.org\/{rel}","templated":true}]}}