{"id":2557,"date":"2024-04-12T07:49:59","date_gmt":"2024-04-12T14:49:59","guid":{"rendered":"https:\/\/pocencoffee.com\/?post_type=product&#038;p=2557"},"modified":"2024-04-12T07:57:54","modified_gmt":"2024-04-12T14:57:54","slug":"oem-order-s-s-bac-a-marc-de-cafe-knock-bin","status":"publish","type":"product","link":"https:\/\/pocencoffee.com\/fr\/product\/oem-order-s-s-bac-a-marc-de-cafe-knock-bin\/","title":{"rendered":"Commande OEM Bac \u00e0 marc de caf\u00e9 en acier inoxydable"},"content":{"rendered":"<p><strong>Commande OEM Bac \u00e0 marc de caf\u00e9 en acier inoxydable<\/strong><\/p>\n<p>Cette bo\u00eete \u00e0 chocs est fabriqu\u00e9e en acier inoxydable, avec un fond souple en EVA pour \u00e9viter les glissements. Ainsi que la tige de frappe souple.<\/p>\n<p>La baguette de frappe est envelopp\u00e9e d'un mat\u00e9riau \u00e9pais et souple.  Elle est suffisamment solide pour supporter tous les coups, m\u00eame \u00e0 voix basse.<\/p>\n<p>Contactez-nous pour obtenir un devis pour votre commande.<\/p>","protected":false},"excerpt":{"rendered":"<p><strong>poubelle pour le marc de caf\u00e9<\/strong><\/p>\n<p>Mat\u00e9riau : acier inoxydable 201, tige souple.<\/p>\n<p>Taille : H11,2 x 11,2 cm ; H15,8 x 14 cm ;<\/p>\n<p>Couleur : noir, S\/S couleur naturelle.<\/p>\n<p>Exigences personnalis\u00e9es : logo, emballage<\/p>","protected":false},"featured_media":2558,"template":"","meta":[],"product_brand":[],"product_cat":[25],"product_tag":[],"class_list":{"0":"post-2557","1":"product","2":"type-product","3":"status-publish","4":"has-post-thumbnail","6":"product_cat-knock-box","8":"first","9":"instock","10":"shipping-taxable","11":"product-type-simple"},"_links":{"self":[{"href":"https:\/\/pocencoffee.com\/fr\/wp-json\/wp\/v2\/product\/2557","targetHints":{"allow":["GET"]}}],"collection":[{"href":"https:\/\/pocencoffee.com\/fr\/wp-json\/wp\/v2\/product"}],"about":[{"href":"https:\/\/pocencoffee.com\/fr\/wp-json\/wp\/v2\/types\/product"}],"version-history":[{"count":3,"href":"https:\/\/pocencoffee.com\/fr\/wp-json\/wp\/v2\/product\/2557\/revisions"}],"predecessor-version":[{"id":2566,"href":"https:\/\/pocencoffee.com\/fr\/wp-json\/wp\/v2\/product\/2557\/revisions\/2566"}],"wp:featuredmedia":[{"embeddable":true,"href":"https:\/\/pocencoffee.com\/fr\/wp-json\/wp\/v2\/media\/2558"}],"wp:attachment":[{"href":"https:\/\/pocencoffee.com\/fr\/wp-json\/wp\/v2\/media?parent=2557"}],"wp:term":[{"taxonomy":"product_brand","embeddable":true,"href":"https:\/\/pocencoffee.com\/fr\/wp-json\/wp\/v2\/product_brand?post=2557"},{"taxonomy":"product_cat","embeddable":true,"href":"https:\/\/pocencoffee.com\/fr\/wp-json\/wp\/v2\/product_cat?post=2557"},{"taxonomy":"product_tag","embeddable":true,"href":"https:\/\/pocencoffee.com\/fr\/wp-json\/wp\/v2\/product_tag?post=2557"}],"curies":[{"name":"wp","href":"https:\/\/api.w.org\/{rel}","templated":true}]}}