{"id":2575,"date":"2024-04-12T08:29:21","date_gmt":"2024-04-12T15:29:21","guid":{"rendered":"https:\/\/pocencoffee.com\/?post_type=product&#038;p=2575"},"modified":"2024-04-12T08:29:21","modified_gmt":"2024-04-12T15:29:21","slug":"boite-a-cafe-sur-pied-de-type-commercial","status":"publish","type":"product","link":"https:\/\/pocencoffee.com\/fr\/product\/boite-a-cafe-sur-pied-de-type-commercial\/","title":{"rendered":"Bo\u00eete \u00e0 marc de caf\u00e9 de type commercial"},"content":{"rendered":"<p><strong>Bo\u00eete \u00e0 caf\u00e9 sur pied de type commercial<\/strong><\/p>\n<p>Tube frappeur de marc de caf\u00e9 au sol \u00e0 usage commercial, de taille id\u00e9ale pour les caf\u00e9s, les restaurants et les magasins de boissons.<\/p>\n<p>Il est fabriqu\u00e9 en plastique ABS durable, poss\u00e8de une tige de frappe envelopp\u00e9e dans un plastique \u00e9pais et souple, et est suffisamment solide pour supporter les chocs quotidiens.<\/p>\n<p>Contactez-nous pour obtenir un devis.<\/p>","protected":false},"excerpt":{"rendered":"<p><strong>bo\u00eete \u00e0 chocs pour caf\u00e9 debout<\/strong><\/p>\n<p>Mati\u00e8re : plastique ABS.<\/p>\n<p>Taille : 86cm H * Dia. du corps 16cm * Dia. du fond 22cm 22cm<\/p>\n<p>Couleur : noir, blanc.<\/p>\n<p>Logo : Oui.<\/p>","protected":false},"featured_media":2576,"template":"","meta":[],"product_brand":[],"product_cat":[25],"product_tag":[],"class_list":{"0":"post-2575","1":"product","2":"type-product","3":"status-publish","4":"has-post-thumbnail","6":"product_cat-knock-box","8":"first","9":"instock","10":"shipping-taxable","11":"product-type-simple"},"_links":{"self":[{"href":"https:\/\/pocencoffee.com\/fr\/wp-json\/wp\/v2\/product\/2575","targetHints":{"allow":["GET"]}}],"collection":[{"href":"https:\/\/pocencoffee.com\/fr\/wp-json\/wp\/v2\/product"}],"about":[{"href":"https:\/\/pocencoffee.com\/fr\/wp-json\/wp\/v2\/types\/product"}],"version-history":[{"count":2,"href":"https:\/\/pocencoffee.com\/fr\/wp-json\/wp\/v2\/product\/2575\/revisions"}],"predecessor-version":[{"id":2583,"href":"https:\/\/pocencoffee.com\/fr\/wp-json\/wp\/v2\/product\/2575\/revisions\/2583"}],"wp:featuredmedia":[{"embeddable":true,"href":"https:\/\/pocencoffee.com\/fr\/wp-json\/wp\/v2\/media\/2576"}],"wp:attachment":[{"href":"https:\/\/pocencoffee.com\/fr\/wp-json\/wp\/v2\/media?parent=2575"}],"wp:term":[{"taxonomy":"product_brand","embeddable":true,"href":"https:\/\/pocencoffee.com\/fr\/wp-json\/wp\/v2\/product_brand?post=2575"},{"taxonomy":"product_cat","embeddable":true,"href":"https:\/\/pocencoffee.com\/fr\/wp-json\/wp\/v2\/product_cat?post=2575"},{"taxonomy":"product_tag","embeddable":true,"href":"https:\/\/pocencoffee.com\/fr\/wp-json\/wp\/v2\/product_tag?post=2575"}],"curies":[{"name":"wp","href":"https:\/\/api.w.org\/{rel}","templated":true}]}}