{"id":2585,"date":"2024-04-25T00:14:49","date_gmt":"2024-04-25T07:14:49","guid":{"rendered":"https:\/\/pocencoffee.com\/?post_type=product&#038;p=2585"},"modified":"2024-04-25T00:14:49","modified_gmt":"2024-04-25T07:14:49","slug":"bouilloire-a-cafe-en-acier-inoxydable","status":"publish","type":"product","link":"https:\/\/pocencoffee.com\/fr\/product\/bouilloire-a-cafe-en-acier-inoxydable\/","title":{"rendered":"Bouilloire \u00e0 caf\u00e9 filtre en acier inoxydable"},"content":{"rendered":"<p><strong>Bouilloire \u00e0 caf\u00e9 filtre en acier inoxydable<\/strong><\/p>\n<p>Cette bouilloire a un design parfait pour le bec verseur et la poign\u00e9e verseuse.<\/p>\n<p>Le long cou et l'angle parfait de la buse d'\u00e9coulement permettent de bien contr\u00f4ler le d\u00e9bit d'eau.<\/p>\n<p>La poign\u00e9e permet de le tenir \u00e0 la main et d'ajuster l'action de verser.<\/p>\n<p>&nbsp;<\/p>","protected":false},"excerpt":{"rendered":"<p>bouilloire \u00e0 caf\u00e9 avec trou d'a\u00e9ration pour ins\u00e9rer le lecteur de temp\u00e9rature<\/p>\n<p>Mat\u00e9riau : Acier inoxydable 304<\/p>\n<p>Capacit\u00e9 : 350ml ; 600ml.<\/p>\n<p>Couleur : couleur naturelle S\/S ; noir ou personnalisation.<\/p>\n<p>Personnalisation : couleur, taille, emballage, logo.<\/p>","protected":false},"featured_media":2590,"template":"","meta":[],"product_brand":[],"product_cat":[24],"product_tag":[],"class_list":{"0":"post-2585","1":"product","2":"type-product","3":"status-publish","4":"has-post-thumbnail","6":"product_cat-pour-over-kettle","8":"first","9":"instock","10":"shipping-taxable","11":"product-type-simple"},"_links":{"self":[{"href":"https:\/\/pocencoffee.com\/fr\/wp-json\/wp\/v2\/product\/2585","targetHints":{"allow":["GET"]}}],"collection":[{"href":"https:\/\/pocencoffee.com\/fr\/wp-json\/wp\/v2\/product"}],"about":[{"href":"https:\/\/pocencoffee.com\/fr\/wp-json\/wp\/v2\/types\/product"}],"version-history":[{"count":1,"href":"https:\/\/pocencoffee.com\/fr\/wp-json\/wp\/v2\/product\/2585\/revisions"}],"predecessor-version":[{"id":2591,"href":"https:\/\/pocencoffee.com\/fr\/wp-json\/wp\/v2\/product\/2585\/revisions\/2591"}],"wp:featuredmedia":[{"embeddable":true,"href":"https:\/\/pocencoffee.com\/fr\/wp-json\/wp\/v2\/media\/2590"}],"wp:attachment":[{"href":"https:\/\/pocencoffee.com\/fr\/wp-json\/wp\/v2\/media?parent=2585"}],"wp:term":[{"taxonomy":"product_brand","embeddable":true,"href":"https:\/\/pocencoffee.com\/fr\/wp-json\/wp\/v2\/product_brand?post=2585"},{"taxonomy":"product_cat","embeddable":true,"href":"https:\/\/pocencoffee.com\/fr\/wp-json\/wp\/v2\/product_cat?post=2585"},{"taxonomy":"product_tag","embeddable":true,"href":"https:\/\/pocencoffee.com\/fr\/wp-json\/wp\/v2\/product_tag?post=2585"}],"curies":[{"name":"wp","href":"https:\/\/api.w.org\/{rel}","templated":true}]}}