{"id":2619,"date":"2024-04-25T02:01:56","date_gmt":"2024-04-25T09:01:56","guid":{"rendered":"https:\/\/pocencoffee.com\/?post_type=product&#038;p=2619"},"modified":"2024-04-25T02:16:12","modified_gmt":"2024-04-25T09:16:12","slug":"bouilloire-a-cafe-avec-verseur-et-poignee-en-bois-650-ml","status":"publish","type":"product","link":"https:\/\/pocencoffee.com\/fr\/product\/bouilloire-a-cafe-avec-verseur-et-poignee-en-bois-650-ml\/","title":{"rendered":"Bouilloire \u00e0 caf\u00e9 avec verseur et poign\u00e9e en bois, 650 ml"},"content":{"rendered":"<p><strong>Bouilloire \u00e0 caf\u00e9 de 650 ml avec poign\u00e9e en bois<\/strong><\/p>\n<p>Cette bouilloire a un design parfait pour le bec verseur et la poign\u00e9e verseuse.<\/p>\n<p>Le long cou et l'angle parfait de la buse d'\u00e9coulement permettent de bien contr\u00f4ler le d\u00e9bit d'eau.<\/p>\n<p>La poign\u00e9e permet de le tenir \u00e0 la main et d'ajuster l'action de verser.<\/p>\n<p>La poign\u00e9e et le bouton en bois sont anti-chaleur.<\/p>\n<p><img fetchpriority=\"high\" decoding=\"async\" class=\"alignnone size-medium wp-image-2626\" src=\"https:\/\/pocencoffee.com\/wp-content\/uploads\/2024\/04\/HDE-pouring-action-300x300.jpg\" alt=\"\" width=\"300\" height=\"300\" title=\"\" srcset=\"https:\/\/pocencoffee.com\/wp-content\/uploads\/2024\/04\/HDE-pouring-action-300x300.jpg 300w, https:\/\/pocencoffee.com\/wp-content\/uploads\/2024\/04\/HDE-pouring-action-150x150.jpg 150w, https:\/\/pocencoffee.com\/wp-content\/uploads\/2024\/04\/HDE-pouring-action-100x100.jpg 100w, https:\/\/pocencoffee.com\/wp-content\/uploads\/2024\/04\/HDE-pouring-action.jpg 600w\" sizes=\"(max-width: 300px) 100vw, 300px\" \/><\/p>","protected":false},"excerpt":{"rendered":"<p>La poign\u00e9e et le bouton en bois permettent d'\u00e9viter la chaleur.<\/p>\n<p>Normes : LFGB , FDA .<\/p>\n<p>Mat\u00e9riau : acier inoxydable 304, bois de caoutchouc.<\/p>\n<p>Capacit\u00e9 : 650ml.<\/p>\n<p>Couleur : couleur naturelle S\/S, noir ou personnalisation.<\/p>\n<p>Personnalisation : couleur, taille, emballage, logo.<\/p>","protected":false},"featured_media":2620,"template":"","meta":[],"product_brand":[],"product_cat":[24],"product_tag":[],"class_list":{"0":"post-2619","1":"product","2":"type-product","3":"status-publish","4":"has-post-thumbnail","6":"product_cat-pour-over-kettle","8":"first","9":"instock","10":"shipping-taxable","11":"product-type-simple"},"_links":{"self":[{"href":"https:\/\/pocencoffee.com\/fr\/wp-json\/wp\/v2\/product\/2619","targetHints":{"allow":["GET"]}}],"collection":[{"href":"https:\/\/pocencoffee.com\/fr\/wp-json\/wp\/v2\/product"}],"about":[{"href":"https:\/\/pocencoffee.com\/fr\/wp-json\/wp\/v2\/types\/product"}],"version-history":[{"count":1,"href":"https:\/\/pocencoffee.com\/fr\/wp-json\/wp\/v2\/product\/2619\/revisions"}],"predecessor-version":[{"id":2627,"href":"https:\/\/pocencoffee.com\/fr\/wp-json\/wp\/v2\/product\/2619\/revisions\/2627"}],"wp:featuredmedia":[{"embeddable":true,"href":"https:\/\/pocencoffee.com\/fr\/wp-json\/wp\/v2\/media\/2620"}],"wp:attachment":[{"href":"https:\/\/pocencoffee.com\/fr\/wp-json\/wp\/v2\/media?parent=2619"}],"wp:term":[{"taxonomy":"product_brand","embeddable":true,"href":"https:\/\/pocencoffee.com\/fr\/wp-json\/wp\/v2\/product_brand?post=2619"},{"taxonomy":"product_cat","embeddable":true,"href":"https:\/\/pocencoffee.com\/fr\/wp-json\/wp\/v2\/product_cat?post=2619"},{"taxonomy":"product_tag","embeddable":true,"href":"https:\/\/pocencoffee.com\/fr\/wp-json\/wp\/v2\/product_tag?post=2619"}],"curies":[{"name":"wp","href":"https:\/\/api.w.org\/{rel}","templated":true}]}}