{"id":2640,"date":"2024-04-25T02:37:45","date_gmt":"2024-04-25T09:37:45","guid":{"rendered":"https:\/\/pocencoffee.com\/?post_type=product&#038;p=2640"},"modified":"2024-04-25T02:55:43","modified_gmt":"2024-04-25T09:55:43","slug":"cafetiere-manuelle-premium-choice","status":"publish","type":"product","link":"https:\/\/pocencoffee.com\/fr\/product\/cafetiere-manuelle-premium-choice\/","title":{"rendered":"Cafeti\u00e8re \u00e0 caf\u00e9 haut de gamme pr\u00e9par\u00e9 \u00e0 la main"},"content":{"rendered":"<p><strong>Cafeti\u00e8re \u00e0 caf\u00e9 haut de gamme pr\u00e9par\u00e9 \u00e0 la main<\/strong><\/p>\n<p>Cette bouilloire a un design parfait pour le bec verseur et la poign\u00e9e verseuse.<\/p>\n<p>Le long col et l'angle parfait de 90\u00b0 de la buse de versement, ainsi que le diam\u00e8tre de 4 mm de la buse, permettent de bien contr\u00f4ler le d\u00e9bit d'eau.<\/p>\n<p>La poign\u00e9e permet de le tenir \u00e0 la main et d'ajuster l'action de verser.<\/p>\n<p>&nbsp;<\/p>","protected":false},"excerpt":{"rendered":"<p>Egouttoir \u00e0 caf\u00e9 avec poign\u00e9e non limit\u00e9e<\/p>\n<p>Normes : LFGB , FDA .<\/p>\n<p>Mat\u00e9riau : acier inoxydable 304.<\/p>\n<p>Capacit\u00e9 : 250ml , 350ml.<\/p>\n<p>Couleur : personnalis\u00e9e.<\/p>\n<p>Personnalisation : couleur, taille, emballage, logo.<\/p>","protected":false},"featured_media":2641,"template":"","meta":[],"product_brand":[],"product_cat":[24],"product_tag":[],"class_list":{"0":"post-2640","1":"product","2":"type-product","3":"status-publish","4":"has-post-thumbnail","6":"product_cat-pour-over-kettle","8":"first","9":"instock","10":"shipping-taxable","11":"product-type-simple"},"_links":{"self":[{"href":"https:\/\/pocencoffee.com\/fr\/wp-json\/wp\/v2\/product\/2640","targetHints":{"allow":["GET"]}}],"collection":[{"href":"https:\/\/pocencoffee.com\/fr\/wp-json\/wp\/v2\/product"}],"about":[{"href":"https:\/\/pocencoffee.com\/fr\/wp-json\/wp\/v2\/types\/product"}],"version-history":[{"count":2,"href":"https:\/\/pocencoffee.com\/fr\/wp-json\/wp\/v2\/product\/2640\/revisions"}],"predecessor-version":[{"id":2647,"href":"https:\/\/pocencoffee.com\/fr\/wp-json\/wp\/v2\/product\/2640\/revisions\/2647"}],"wp:featuredmedia":[{"embeddable":true,"href":"https:\/\/pocencoffee.com\/fr\/wp-json\/wp\/v2\/media\/2641"}],"wp:attachment":[{"href":"https:\/\/pocencoffee.com\/fr\/wp-json\/wp\/v2\/media?parent=2640"}],"wp:term":[{"taxonomy":"product_brand","embeddable":true,"href":"https:\/\/pocencoffee.com\/fr\/wp-json\/wp\/v2\/product_brand?post=2640"},{"taxonomy":"product_cat","embeddable":true,"href":"https:\/\/pocencoffee.com\/fr\/wp-json\/wp\/v2\/product_cat?post=2640"},{"taxonomy":"product_tag","embeddable":true,"href":"https:\/\/pocencoffee.com\/fr\/wp-json\/wp\/v2\/product_tag?post=2640"}],"curies":[{"name":"wp","href":"https:\/\/api.w.org\/{rel}","templated":true}]}}