{"id":2661,"date":"2024-04-25T03:07:45","date_gmt":"2024-04-25T10:07:45","guid":{"rendered":"https:\/\/pocencoffee.com\/?post_type=product&#038;p=2661"},"modified":"2024-04-25T03:12:32","modified_gmt":"2024-04-25T10:12:32","slug":"bouilloire-a-cafe-1000-ml-entierement-en-acier-inoxydable","status":"publish","type":"product","link":"https:\/\/pocencoffee.com\/fr\/product\/bouilloire-a-cafe-1000-ml-entierement-en-acier-inoxydable\/","title":{"rendered":"Bouilloire \u00e0 caf\u00e9 1000 ml enti\u00e8rement en acier inoxydable"},"content":{"rendered":"<p><strong>Bouilloire \u00e0 caf\u00e9 1000 ml enti\u00e8rement en acier inoxydable<\/strong><\/p>\n<p>Cette bouilloire a un design parfait pour le bec verseur et la poign\u00e9e verseuse.<\/p>\n<p>La poign\u00e9e permet de le tenir \u00e0 la main et d'ajuster l'action de verser.<\/p>\n<p>La grande capacit\u00e9 permet de verser 3 tasses de caf\u00e9.<\/p>\n<p>&nbsp;<\/p>","protected":false},"excerpt":{"rendered":"<p>Il s'agit d'une bouilloire de grande capacit\u00e9 permettant de verser le caf\u00e9 \u00e0 la main.<\/p>\n<p>Normes : LFGB , FDA .<\/p>\n<p>Mat\u00e9riau : acier inoxydable 304.<\/p>\n<p>Capacit\u00e9 : 1000ml<\/p>\n<p>Couleur : personnalis\u00e9e.<\/p>\n<p>Personnalisation : couleur, taille, emballage, logo.<\/p>","protected":false},"featured_media":2662,"template":"","meta":[],"product_brand":[],"product_cat":[24],"product_tag":[],"class_list":{"0":"post-2661","1":"product","2":"type-product","3":"status-publish","4":"has-post-thumbnail","6":"product_cat-pour-over-kettle","8":"first","9":"instock","10":"shipping-taxable","11":"product-type-simple"},"_links":{"self":[{"href":"https:\/\/pocencoffee.com\/fr\/wp-json\/wp\/v2\/product\/2661","targetHints":{"allow":["GET"]}}],"collection":[{"href":"https:\/\/pocencoffee.com\/fr\/wp-json\/wp\/v2\/product"}],"about":[{"href":"https:\/\/pocencoffee.com\/fr\/wp-json\/wp\/v2\/types\/product"}],"version-history":[{"count":1,"href":"https:\/\/pocencoffee.com\/fr\/wp-json\/wp\/v2\/product\/2661\/revisions"}],"predecessor-version":[{"id":2667,"href":"https:\/\/pocencoffee.com\/fr\/wp-json\/wp\/v2\/product\/2661\/revisions\/2667"}],"wp:featuredmedia":[{"embeddable":true,"href":"https:\/\/pocencoffee.com\/fr\/wp-json\/wp\/v2\/media\/2662"}],"wp:attachment":[{"href":"https:\/\/pocencoffee.com\/fr\/wp-json\/wp\/v2\/media?parent=2661"}],"wp:term":[{"taxonomy":"product_brand","embeddable":true,"href":"https:\/\/pocencoffee.com\/fr\/wp-json\/wp\/v2\/product_brand?post=2661"},{"taxonomy":"product_cat","embeddable":true,"href":"https:\/\/pocencoffee.com\/fr\/wp-json\/wp\/v2\/product_cat?post=2661"},{"taxonomy":"product_tag","embeddable":true,"href":"https:\/\/pocencoffee.com\/fr\/wp-json\/wp\/v2\/product_tag?post=2661"}],"curies":[{"name":"wp","href":"https:\/\/api.w.org\/{rel}","templated":true}]}}