{"id":2668,"date":"2024-04-25T03:41:12","date_gmt":"2024-04-25T10:41:12","guid":{"rendered":"https:\/\/pocencoffee.com\/?post_type=product&#038;p=2668"},"modified":"2024-04-25T03:41:12","modified_gmt":"2024-04-25T10:41:12","slug":"moulin-a-cafe-manuel-en-plastique","status":"publish","type":"product","link":"https:\/\/pocencoffee.com\/fr\/product\/moulin-a-cafe-manuel-en-plastique\/","title":{"rendered":"Moulin \u00e0 caf\u00e9 manuel avec corps en plastique"},"content":{"rendered":"<p><strong>Moulin \u00e0 caf\u00e9 manuel avec corps en plastique<\/strong><\/p>\n<p>Moulin \u00e0 caf\u00e9 permettant de r\u00e9gler la finesse de mouture gr\u00e2ce \u00e0 une vis.<\/p>\n<p>Il y a 12 points de r\u00e9glage.<\/p>\n<p>La meule est en acier inoxydable 420 par CNC, une production de haute qualit\u00e9. De plus, la duret\u00e9 de l'acier garantit la dur\u00e9e de vie de la meule.<\/p>\n<p><img fetchpriority=\"high\" decoding=\"async\" class=\"alignnone size-medium wp-image-2672\" src=\"https:\/\/pocencoffee.com\/wp-content\/uploads\/2024\/04\/Manual-coffee-grinder-packaging-300x300.jpg\" alt=\"\" width=\"300\" height=\"300\" title=\"\" srcset=\"https:\/\/pocencoffee.com\/wp-content\/uploads\/2024\/04\/Manual-coffee-grinder-packaging-300x300.jpg 300w, https:\/\/pocencoffee.com\/wp-content\/uploads\/2024\/04\/Manual-coffee-grinder-packaging-150x150.jpg 150w, https:\/\/pocencoffee.com\/wp-content\/uploads\/2024\/04\/Manual-coffee-grinder-packaging-100x100.jpg 100w, https:\/\/pocencoffee.com\/wp-content\/uploads\/2024\/04\/Manual-coffee-grinder-packaging.jpg 350w\" sizes=\"(max-width: 300px) 100vw, 300px\" \/><\/p>","protected":false},"excerpt":{"rendered":"<p>Moulin \u00e0 caf\u00e9 manuel<\/p>\n<p>Mati\u00e8re : plastique ABS, broyeur en acier inoxydable 420 ; bouton en bois.<\/p>\n<p>Capacit\u00e9 : 20 g de grains de caf\u00e9 maximum.<\/p>\n<p>Couleur : noir, vert, blanc.<\/p>\n<p>Personnalisation : logo, couleur, emballage.<\/p>","protected":false},"featured_media":2669,"template":"","meta":[],"product_brand":[],"product_cat":[27],"product_tag":[],"class_list":{"0":"post-2668","1":"product","2":"type-product","3":"status-publish","4":"has-post-thumbnail","6":"product_cat-manual-coffee-grinder","8":"first","9":"instock","10":"shipping-taxable","11":"product-type-simple"},"_links":{"self":[{"href":"https:\/\/pocencoffee.com\/fr\/wp-json\/wp\/v2\/product\/2668","targetHints":{"allow":["GET"]}}],"collection":[{"href":"https:\/\/pocencoffee.com\/fr\/wp-json\/wp\/v2\/product"}],"about":[{"href":"https:\/\/pocencoffee.com\/fr\/wp-json\/wp\/v2\/types\/product"}],"version-history":[{"count":1,"href":"https:\/\/pocencoffee.com\/fr\/wp-json\/wp\/v2\/product\/2668\/revisions"}],"predecessor-version":[{"id":2673,"href":"https:\/\/pocencoffee.com\/fr\/wp-json\/wp\/v2\/product\/2668\/revisions\/2673"}],"wp:featuredmedia":[{"embeddable":true,"href":"https:\/\/pocencoffee.com\/fr\/wp-json\/wp\/v2\/media\/2669"}],"wp:attachment":[{"href":"https:\/\/pocencoffee.com\/fr\/wp-json\/wp\/v2\/media?parent=2668"}],"wp:term":[{"taxonomy":"product_brand","embeddable":true,"href":"https:\/\/pocencoffee.com\/fr\/wp-json\/wp\/v2\/product_brand?post=2668"},{"taxonomy":"product_cat","embeddable":true,"href":"https:\/\/pocencoffee.com\/fr\/wp-json\/wp\/v2\/product_cat?post=2668"},{"taxonomy":"product_tag","embeddable":true,"href":"https:\/\/pocencoffee.com\/fr\/wp-json\/wp\/v2\/product_tag?post=2668"}],"curies":[{"name":"wp","href":"https:\/\/api.w.org\/{rel}","templated":true}]}}