{"id":2674,"date":"2024-04-26T06:10:44","date_gmt":"2024-04-26T13:10:44","guid":{"rendered":"https:\/\/pocencoffee.com\/?post_type=product&#038;p=2674"},"modified":"2024-04-26T07:03:07","modified_gmt":"2024-04-26T14:03:07","slug":"moulin-a-cafe-manuel-en-alliage-daluminium","status":"publish","type":"product","link":"https:\/\/pocencoffee.com\/fr\/product\/moulin-a-cafe-manuel-en-alliage-daluminium\/","title":{"rendered":"Moulin \u00e0 caf\u00e9 manuel en alliage d'aluminium"},"content":{"rendered":"<p><strong>Moulin \u00e0 caf\u00e9 manuel en alliage d'aluminium<\/strong><\/p>\n<p>Moulin \u00e0 caf\u00e9 permettant de r\u00e9gler la finesse de mouture gr\u00e2ce \u00e0 une vis.<\/p>\n<p>Il y a 12 points de r\u00e9glage.<\/p>\n<p>Le noyau est en acier inoxydable 420 usin\u00e9 par CNC, une production hautement pr\u00e9cieuse. Il pr\u00e9sente \u00e9galement une bonne duret\u00e9 afin de garantir la dur\u00e9e de vie du noyau.<\/p>\n<p><img fetchpriority=\"high\" decoding=\"async\" class=\"alignnone size-medium wp-image-2678\" src=\"https:\/\/pocencoffee.com\/wp-content\/uploads\/2024\/04\/MGD-03-300x300.jpg\" alt=\"\" width=\"300\" height=\"300\" title=\"\" srcset=\"https:\/\/pocencoffee.com\/wp-content\/uploads\/2024\/04\/MGD-03-300x300.jpg 300w, https:\/\/pocencoffee.com\/wp-content\/uploads\/2024\/04\/MGD-03-150x150.jpg 150w, https:\/\/pocencoffee.com\/wp-content\/uploads\/2024\/04\/MGD-03-100x100.jpg 100w, https:\/\/pocencoffee.com\/wp-content\/uploads\/2024\/04\/MGD-03.jpg 500w\" sizes=\"(max-width: 300px) 100vw, 300px\" \/><\/p>","protected":false},"excerpt":{"rendered":"<p><strong>Moulin \u00e0 caf\u00e9 \u00e0 main<\/strong><\/p>\n<p>Mat\u00e9riau : alliage d'aluminium, broyeur en acier inoxydable 420 ; bouton en bois.<\/p>\n<p>Capacit\u00e9 : 20 g de grains de caf\u00e9 maximum.<\/p>\n<p>Couleur : noir, vert, argent\u00e9.<\/p>\n<p>Personnalisation : logo, couleur, emballage.<\/p>","protected":false},"featured_media":2675,"template":"","meta":[],"product_brand":[],"product_cat":[27],"product_tag":[],"class_list":{"0":"post-2674","1":"product","2":"type-product","3":"status-publish","4":"has-post-thumbnail","6":"product_cat-manual-coffee-grinder","8":"first","9":"instock","10":"shipping-taxable","11":"product-type-simple"},"_links":{"self":[{"href":"https:\/\/pocencoffee.com\/fr\/wp-json\/wp\/v2\/product\/2674","targetHints":{"allow":["GET"]}}],"collection":[{"href":"https:\/\/pocencoffee.com\/fr\/wp-json\/wp\/v2\/product"}],"about":[{"href":"https:\/\/pocencoffee.com\/fr\/wp-json\/wp\/v2\/types\/product"}],"version-history":[{"count":2,"href":"https:\/\/pocencoffee.com\/fr\/wp-json\/wp\/v2\/product\/2674\/revisions"}],"predecessor-version":[{"id":2680,"href":"https:\/\/pocencoffee.com\/fr\/wp-json\/wp\/v2\/product\/2674\/revisions\/2680"}],"wp:featuredmedia":[{"embeddable":true,"href":"https:\/\/pocencoffee.com\/fr\/wp-json\/wp\/v2\/media\/2675"}],"wp:attachment":[{"href":"https:\/\/pocencoffee.com\/fr\/wp-json\/wp\/v2\/media?parent=2674"}],"wp:term":[{"taxonomy":"product_brand","embeddable":true,"href":"https:\/\/pocencoffee.com\/fr\/wp-json\/wp\/v2\/product_brand?post=2674"},{"taxonomy":"product_cat","embeddable":true,"href":"https:\/\/pocencoffee.com\/fr\/wp-json\/wp\/v2\/product_cat?post=2674"},{"taxonomy":"product_tag","embeddable":true,"href":"https:\/\/pocencoffee.com\/fr\/wp-json\/wp\/v2\/product_tag?post=2674"}],"curies":[{"name":"wp","href":"https:\/\/api.w.org\/{rel}","templated":true}]}}