{"id":2707,"date":"2024-04-26T08:14:56","date_gmt":"2024-04-26T15:14:56","guid":{"rendered":"https:\/\/pocencoffee.com\/?post_type=product&#038;p=2707"},"modified":"2024-04-26T08:14:56","modified_gmt":"2024-04-26T15:14:56","slug":"organisateur-a-4-compartiments-inclines-pour-tasses-et-couvercles","status":"publish","type":"product","link":"https:\/\/pocencoffee.com\/fr\/product\/organisateur-a-4-compartiments-inclines-pour-tasses-et-couvercles\/","title":{"rendered":"Organisateur \u00e0 4 compartiments inclin\u00e9s pour tasses et couvercles"},"content":{"rendered":"<p><strong>4 sections d'organisateurs de gobelets et de couvercles inclin\u00e9s<\/strong><\/p>\n<p>Cet organisateur de table est con\u00e7u avec 4 emplacements pour les gobelets et les couvercles. Il aide les caf\u00e9s, les magasins, les restaurants, les salles de pause des entreprises et les magasins de boissons \u00e0 garder leurs comptoirs propres et bien rang\u00e9s.<\/p>\n<p>Cette taille de porte-gobelet convient \u00e0 la plupart des plateaux de table.  Il s'agit donc du produit le plus vendu dans la cat\u00e9gorie des organisateurs.<\/p>\n<p><img fetchpriority=\"high\" decoding=\"async\" class=\"alignnone size-medium wp-image-2708\" src=\"https:\/\/pocencoffee.com\/wp-content\/uploads\/2024\/04\/CSA04-SIZE-300x300.jpg\" alt=\"\" width=\"300\" height=\"300\" title=\"\" srcset=\"https:\/\/pocencoffee.com\/wp-content\/uploads\/2024\/04\/CSA04-SIZE-300x300.jpg 300w, https:\/\/pocencoffee.com\/wp-content\/uploads\/2024\/04\/CSA04-SIZE-150x150.jpg 150w, https:\/\/pocencoffee.com\/wp-content\/uploads\/2024\/04\/CSA04-SIZE-100x100.jpg 100w, https:\/\/pocencoffee.com\/wp-content\/uploads\/2024\/04\/CSA04-SIZE.jpg 600w\" sizes=\"(max-width: 300px) 100vw, 300px\" \/><\/p>","protected":false},"excerpt":{"rendered":"<p>Porte-gobelets pour le plan de travail et organiseurs de gobelets et de couvercles<\/p>\n<p>Mati\u00e8re : plastique ABS.<\/p>\n<p>Taille : 38.6\u00d729.5\u00d720 x 45cm<\/p>\n<p>Logo : s\u00e9rigraphie.<\/p>\n<p>Couleur : noir, rouge, marron, ou personnalis\u00e9e.<\/p>","protected":false},"featured_media":2709,"template":"","meta":[],"product_brand":[],"product_cat":[28],"product_tag":[],"class_list":{"0":"post-2707","1":"product","2":"type-product","3":"status-publish","4":"has-post-thumbnail","6":"product_cat-more-tools","8":"first","9":"instock","10":"shipping-taxable","11":"product-type-simple"},"_links":{"self":[{"href":"https:\/\/pocencoffee.com\/fr\/wp-json\/wp\/v2\/product\/2707","targetHints":{"allow":["GET"]}}],"collection":[{"href":"https:\/\/pocencoffee.com\/fr\/wp-json\/wp\/v2\/product"}],"about":[{"href":"https:\/\/pocencoffee.com\/fr\/wp-json\/wp\/v2\/types\/product"}],"version-history":[{"count":1,"href":"https:\/\/pocencoffee.com\/fr\/wp-json\/wp\/v2\/product\/2707\/revisions"}],"predecessor-version":[{"id":2714,"href":"https:\/\/pocencoffee.com\/fr\/wp-json\/wp\/v2\/product\/2707\/revisions\/2714"}],"wp:featuredmedia":[{"embeddable":true,"href":"https:\/\/pocencoffee.com\/fr\/wp-json\/wp\/v2\/media\/2709"}],"wp:attachment":[{"href":"https:\/\/pocencoffee.com\/fr\/wp-json\/wp\/v2\/media?parent=2707"}],"wp:term":[{"taxonomy":"product_brand","embeddable":true,"href":"https:\/\/pocencoffee.com\/fr\/wp-json\/wp\/v2\/product_brand?post=2707"},{"taxonomy":"product_cat","embeddable":true,"href":"https:\/\/pocencoffee.com\/fr\/wp-json\/wp\/v2\/product_cat?post=2707"},{"taxonomy":"product_tag","embeddable":true,"href":"https:\/\/pocencoffee.com\/fr\/wp-json\/wp\/v2\/product_tag?post=2707"}],"curies":[{"name":"wp","href":"https:\/\/api.w.org\/{rel}","templated":true}]}}