{"id":2732,"date":"2024-04-26T22:13:37","date_gmt":"2024-04-27T05:13:37","guid":{"rendered":"https:\/\/pocencoffee.com\/?post_type=product&#038;p=2732"},"modified":"2024-04-26T22:19:19","modified_gmt":"2024-04-27T05:19:19","slug":"support-pour-gobelets-jetables-en-papier-pour-le-cafe","status":"publish","type":"product","link":"https:\/\/pocencoffee.com\/fr\/product\/support-pour-gobelets-jetables-en-papier-pour-le-cafe\/","title":{"rendered":"Support pour gobelets en papier jetables \u00e0 caf\u00e9"},"content":{"rendered":"<p><strong>Support pour gobelets en papier jetables \u00e0 caf\u00e9<\/strong><\/p>\n<p>Cet organisateur de table est con\u00e7u avec 4 sections pour contenir les gobelets en papier.<\/p>\n<p>Sa taille permet de l'avoir \u00e0 port\u00e9e de main, et il donne \u00e0 votre bar un aspect propre et organis\u00e9.<\/p>\n<p><img fetchpriority=\"high\" decoding=\"async\" class=\"alignnone size-medium wp-image-2735\" src=\"https:\/\/pocencoffee.com\/wp-content\/uploads\/2024\/04\/CSD04-size-300x300.jpg\" alt=\"\" width=\"300\" height=\"300\" title=\"\" srcset=\"https:\/\/pocencoffee.com\/wp-content\/uploads\/2024\/04\/CSD04-size-300x300.jpg 300w, https:\/\/pocencoffee.com\/wp-content\/uploads\/2024\/04\/CSD04-size-150x150.jpg 150w, https:\/\/pocencoffee.com\/wp-content\/uploads\/2024\/04\/CSD04-size-100x100.jpg 100w, https:\/\/pocencoffee.com\/wp-content\/uploads\/2024\/04\/CSD04-size.jpg 600w\" sizes=\"(max-width: 300px) 100vw, 300px\" \/><\/p>","protected":false},"excerpt":{"rendered":"<p><strong>Porte-gobelets en papier, porte-gobelets de comptoir<\/strong><\/p>\n<p>Mati\u00e8re : plastique ABS.<\/p>\n<p>Logo : s\u00e9rigraphie.<\/p>\n<p>Couleur : noir, rouge, marron, ou personnalis\u00e9e.<\/p>","protected":false},"featured_media":2733,"template":"","meta":[],"product_brand":[],"product_cat":[28],"product_tag":[],"class_list":{"0":"post-2732","1":"product","2":"type-product","3":"status-publish","4":"has-post-thumbnail","6":"product_cat-more-tools","8":"first","9":"instock","10":"shipping-taxable","11":"product-type-simple"},"_links":{"self":[{"href":"https:\/\/pocencoffee.com\/fr\/wp-json\/wp\/v2\/product\/2732","targetHints":{"allow":["GET"]}}],"collection":[{"href":"https:\/\/pocencoffee.com\/fr\/wp-json\/wp\/v2\/product"}],"about":[{"href":"https:\/\/pocencoffee.com\/fr\/wp-json\/wp\/v2\/types\/product"}],"version-history":[{"count":1,"href":"https:\/\/pocencoffee.com\/fr\/wp-json\/wp\/v2\/product\/2732\/revisions"}],"predecessor-version":[{"id":2736,"href":"https:\/\/pocencoffee.com\/fr\/wp-json\/wp\/v2\/product\/2732\/revisions\/2736"}],"wp:featuredmedia":[{"embeddable":true,"href":"https:\/\/pocencoffee.com\/fr\/wp-json\/wp\/v2\/media\/2733"}],"wp:attachment":[{"href":"https:\/\/pocencoffee.com\/fr\/wp-json\/wp\/v2\/media?parent=2732"}],"wp:term":[{"taxonomy":"product_brand","embeddable":true,"href":"https:\/\/pocencoffee.com\/fr\/wp-json\/wp\/v2\/product_brand?post=2732"},{"taxonomy":"product_cat","embeddable":true,"href":"https:\/\/pocencoffee.com\/fr\/wp-json\/wp\/v2\/product_cat?post=2732"},{"taxonomy":"product_tag","embeddable":true,"href":"https:\/\/pocencoffee.com\/fr\/wp-json\/wp\/v2\/product_tag?post=2732"}],"curies":[{"name":"wp","href":"https:\/\/api.w.org\/{rel}","templated":true}]}}