{"id":2737,"date":"2024-04-26T22:20:43","date_gmt":"2024-04-27T05:20:43","guid":{"rendered":"https:\/\/pocencoffee.com\/?post_type=product&#038;p=2737"},"modified":"2024-04-26T22:26:19","modified_gmt":"2024-04-27T05:26:19","slug":"support-pour-petits-gobelets-jetables-a-cafe","status":"publish","type":"product","link":"https:\/\/pocencoffee.com\/fr\/product\/support-pour-petits-gobelets-jetables-a-cafe\/","title":{"rendered":"Petit porte-gobelets jetables pour caf\u00e9"},"content":{"rendered":"<p><strong>Petit porte-gobelets jetables pour caf\u00e9<\/strong><\/p>\n<p>Cet organisateur de table est con\u00e7u avec 2 sections pour contenir les gobelets en papier.<\/p>\n<p>Sa taille convient parfaitement \u00e0 la salle de pause d'une entreprise, \u00e0 un petit caf\u00e9 ou \u00e0 tout autre endroit qui a besoin de gobelets en papier, mais pas en si grande quantit\u00e9.<\/p>\n<p>M\u00eame s'il est petit, il permet \u00e0 votre table de rester propre et organis\u00e9e.<\/p>\n<p><img fetchpriority=\"high\" decoding=\"async\" class=\"alignnone size-medium wp-image-2739\" src=\"https:\/\/pocencoffee.com\/wp-content\/uploads\/2024\/04\/CSF02-cup-houlders-300x300.jpg\" alt=\"\" width=\"300\" height=\"300\" title=\"\" srcset=\"https:\/\/pocencoffee.com\/wp-content\/uploads\/2024\/04\/CSF02-cup-houlders-300x300.jpg 300w, https:\/\/pocencoffee.com\/wp-content\/uploads\/2024\/04\/CSF02-cup-houlders-150x150.jpg 150w, https:\/\/pocencoffee.com\/wp-content\/uploads\/2024\/04\/CSF02-cup-houlders-100x100.jpg 100w, https:\/\/pocencoffee.com\/wp-content\/uploads\/2024\/04\/CSF02-cup-houlders.jpg 600w\" sizes=\"(max-width: 300px) 100vw, 300px\" \/><\/p>","protected":false},"excerpt":{"rendered":"<p><strong>Porte gobelets en papier, porte gobelets jetables pour le caf\u00e9<\/strong><\/p>\n<p>Mati\u00e8re : plastique ABS.<\/p>\n<p>Logo : s\u00e9rigraphie.<\/p>\n<p>Couleur : noir, rouge, marron, ou personnalis\u00e9e.<\/p>","protected":false},"featured_media":2738,"template":"","meta":[],"product_brand":[],"product_cat":[28],"product_tag":[],"class_list":{"0":"post-2737","1":"product","2":"type-product","3":"status-publish","4":"has-post-thumbnail","6":"product_cat-more-tools","8":"first","9":"instock","10":"shipping-taxable","11":"product-type-simple"},"_links":{"self":[{"href":"https:\/\/pocencoffee.com\/fr\/wp-json\/wp\/v2\/product\/2737","targetHints":{"allow":["GET"]}}],"collection":[{"href":"https:\/\/pocencoffee.com\/fr\/wp-json\/wp\/v2\/product"}],"about":[{"href":"https:\/\/pocencoffee.com\/fr\/wp-json\/wp\/v2\/types\/product"}],"version-history":[{"count":1,"href":"https:\/\/pocencoffee.com\/fr\/wp-json\/wp\/v2\/product\/2737\/revisions"}],"predecessor-version":[{"id":2740,"href":"https:\/\/pocencoffee.com\/fr\/wp-json\/wp\/v2\/product\/2737\/revisions\/2740"}],"wp:featuredmedia":[{"embeddable":true,"href":"https:\/\/pocencoffee.com\/fr\/wp-json\/wp\/v2\/media\/2738"}],"wp:attachment":[{"href":"https:\/\/pocencoffee.com\/fr\/wp-json\/wp\/v2\/media?parent=2737"}],"wp:term":[{"taxonomy":"product_brand","embeddable":true,"href":"https:\/\/pocencoffee.com\/fr\/wp-json\/wp\/v2\/product_brand?post=2737"},{"taxonomy":"product_cat","embeddable":true,"href":"https:\/\/pocencoffee.com\/fr\/wp-json\/wp\/v2\/product_cat?post=2737"},{"taxonomy":"product_tag","embeddable":true,"href":"https:\/\/pocencoffee.com\/fr\/wp-json\/wp\/v2\/product_tag?post=2737"}],"curies":[{"name":"wp","href":"https:\/\/api.w.org\/{rel}","templated":true}]}}