{"id":2760,"date":"2024-04-28T06:09:11","date_gmt":"2024-04-28T13:09:11","guid":{"rendered":"https:\/\/pocencoffee.com\/?post_type=product&#038;p=2760"},"modified":"2024-04-28T06:35:32","modified_gmt":"2024-04-28T13:35:32","slug":"cafes-bars-tasses-rince-evier","status":"publish","type":"product","link":"https:\/\/pocencoffee.com\/fr\/product\/cafes-bars-tasses-rince-evier\/","title":{"rendered":"Rince-tasses pour caf\u00e9s et bars"},"content":{"rendered":"<p><strong>Rince-\u00e9clats pour caf\u00e9s et bars<\/strong><\/p>\n<p>Les bars et les caf\u00e9s devraient tous deux \u00eatre \u00e9quip\u00e9s de rince-\u00e9clairs pour am\u00e9liorer leur efficacit\u00e9.<\/p>\n<p>Contactez-nous, partageons nos id\u00e9es ensemble.<\/p>\n<p><img fetchpriority=\"high\" decoding=\"async\" class=\"alignnone size-medium wp-image-2761\" src=\"https:\/\/pocencoffee.com\/wp-content\/uploads\/2024\/04\/CPA-rinder-300x300.jpg\" alt=\"\" width=\"300\" height=\"300\" title=\"\" srcset=\"https:\/\/pocencoffee.com\/wp-content\/uploads\/2024\/04\/CPA-rinder-300x300.jpg 300w, https:\/\/pocencoffee.com\/wp-content\/uploads\/2024\/04\/CPA-rinder-150x150.jpg 150w, https:\/\/pocencoffee.com\/wp-content\/uploads\/2024\/04\/CPA-rinder-100x100.jpg 100w, https:\/\/pocencoffee.com\/wp-content\/uploads\/2024\/04\/CPA-rinder.jpg 600w\" sizes=\"(max-width: 300px) 100vw, 300px\" \/><\/p>","protected":false},"excerpt":{"rendered":"<p><strong>rinceuses d'\u00e9vier<\/strong><\/p>\n<p>Mat\u00e9riau : acier inoxydable, plastique.<\/p>\n<p>Tuyau : 2*tuyaux, 1\/2 diam\u00e8tre.<\/p>\n<p>Logo : par laser.<\/p>\n<p>Couleur : couleur naturelle de l'acier inoxydable ou personnalis\u00e9e.<\/p>","protected":false},"featured_media":2762,"template":"","meta":[],"product_brand":[],"product_cat":[28],"product_tag":[],"class_list":{"0":"post-2760","1":"product","2":"type-product","3":"status-publish","4":"has-post-thumbnail","6":"product_cat-more-tools","8":"first","9":"instock","10":"shipping-taxable","11":"product-type-simple"},"_links":{"self":[{"href":"https:\/\/pocencoffee.com\/fr\/wp-json\/wp\/v2\/product\/2760","targetHints":{"allow":["GET"]}}],"collection":[{"href":"https:\/\/pocencoffee.com\/fr\/wp-json\/wp\/v2\/product"}],"about":[{"href":"https:\/\/pocencoffee.com\/fr\/wp-json\/wp\/v2\/types\/product"}],"version-history":[{"count":1,"href":"https:\/\/pocencoffee.com\/fr\/wp-json\/wp\/v2\/product\/2760\/revisions"}],"predecessor-version":[{"id":2764,"href":"https:\/\/pocencoffee.com\/fr\/wp-json\/wp\/v2\/product\/2760\/revisions\/2764"}],"wp:featuredmedia":[{"embeddable":true,"href":"https:\/\/pocencoffee.com\/fr\/wp-json\/wp\/v2\/media\/2762"}],"wp:attachment":[{"href":"https:\/\/pocencoffee.com\/fr\/wp-json\/wp\/v2\/media?parent=2760"}],"wp:term":[{"taxonomy":"product_brand","embeddable":true,"href":"https:\/\/pocencoffee.com\/fr\/wp-json\/wp\/v2\/product_brand?post=2760"},{"taxonomy":"product_cat","embeddable":true,"href":"https:\/\/pocencoffee.com\/fr\/wp-json\/wp\/v2\/product_cat?post=2760"},{"taxonomy":"product_tag","embeddable":true,"href":"https:\/\/pocencoffee.com\/fr\/wp-json\/wp\/v2\/product_tag?post=2760"}],"curies":[{"name":"wp","href":"https:\/\/api.w.org\/{rel}","templated":true}]}}