{"id":2771,"date":"2024-04-28T06:49:47","date_gmt":"2024-04-28T13:49:47","guid":{"rendered":"https:\/\/pocencoffee.com\/?post_type=product&#038;p=2771"},"modified":"2024-04-28T06:54:45","modified_gmt":"2024-04-28T13:54:45","slug":"tasse-a-cafe-a-poignee-en-bois","status":"publish","type":"product","link":"https:\/\/pocencoffee.com\/fr\/product\/tasse-a-cafe-a-poignee-en-bois\/","title":{"rendered":"Tasse \u00e0 caf\u00e9 avec poign\u00e9e en bois"},"content":{"rendered":"<p><strong>Tasse \u00e0 caf\u00e9 en bois<\/strong><\/p>\n<p>Verre \u00e0 haute teneur en borosilicate : ce mat\u00e9riau accepte les boissons chaudes et froides.<\/p>\n<p>Impressions de gobelets en verre avec des capacit\u00e9s en Oz et ML.<\/p>\n<p>Les gobelets en verre ont deux types de fond : l'un avec un fond fin, l'autre avec un fond \u00e9pais.<\/p>\n<p>Le fond \u00e9pais est plus populaire. Si vous souhaitez importer et proposer des verres \u00e0 grenaille aux consommateurs, aux entreprises ou aux magasins de votre march\u00e9, optez pour le fond \u00e9pais.<\/p>\n<p><img fetchpriority=\"high\" decoding=\"async\" class=\"alignnone size-medium wp-image-2772\" src=\"https:\/\/pocencoffee.com\/wp-content\/uploads\/2024\/04\/CGE-size-300x300.jpg\" alt=\"\" width=\"300\" height=\"300\" title=\"\" srcset=\"https:\/\/pocencoffee.com\/wp-content\/uploads\/2024\/04\/CGE-size-300x300.jpg 300w, https:\/\/pocencoffee.com\/wp-content\/uploads\/2024\/04\/CGE-size-150x150.jpg 150w, https:\/\/pocencoffee.com\/wp-content\/uploads\/2024\/04\/CGE-size-100x100.jpg 100w, https:\/\/pocencoffee.com\/wp-content\/uploads\/2024\/04\/CGE-size.jpg 600w\" sizes=\"(max-width: 300px) 100vw, 300px\" \/><\/p>\n<p>&nbsp;<\/p>","protected":false},"excerpt":{"rendered":"<p><strong>Tasse \u00e0 caf\u00e9<\/strong><\/p>\n<p>Mat\u00e9riau : verre \u00e0 haute teneur en borosilicate ;<\/p>\n<p>Capacit\u00e9 : 70ml,<\/p>","protected":false},"featured_media":2773,"template":"","meta":[],"product_brand":[],"product_cat":[28],"product_tag":[],"class_list":{"0":"post-2771","1":"product","2":"type-product","3":"status-publish","4":"has-post-thumbnail","6":"product_cat-more-tools","8":"first","9":"instock","10":"shipping-taxable","11":"product-type-simple"},"_links":{"self":[{"href":"https:\/\/pocencoffee.com\/fr\/wp-json\/wp\/v2\/product\/2771","targetHints":{"allow":["GET"]}}],"collection":[{"href":"https:\/\/pocencoffee.com\/fr\/wp-json\/wp\/v2\/product"}],"about":[{"href":"https:\/\/pocencoffee.com\/fr\/wp-json\/wp\/v2\/types\/product"}],"version-history":[{"count":1,"href":"https:\/\/pocencoffee.com\/fr\/wp-json\/wp\/v2\/product\/2771\/revisions"}],"predecessor-version":[{"id":2780,"href":"https:\/\/pocencoffee.com\/fr\/wp-json\/wp\/v2\/product\/2771\/revisions\/2780"}],"wp:featuredmedia":[{"embeddable":true,"href":"https:\/\/pocencoffee.com\/fr\/wp-json\/wp\/v2\/media\/2773"}],"wp:attachment":[{"href":"https:\/\/pocencoffee.com\/fr\/wp-json\/wp\/v2\/media?parent=2771"}],"wp:term":[{"taxonomy":"product_brand","embeddable":true,"href":"https:\/\/pocencoffee.com\/fr\/wp-json\/wp\/v2\/product_brand?post=2771"},{"taxonomy":"product_cat","embeddable":true,"href":"https:\/\/pocencoffee.com\/fr\/wp-json\/wp\/v2\/product_cat?post=2771"},{"taxonomy":"product_tag","embeddable":true,"href":"https:\/\/pocencoffee.com\/fr\/wp-json\/wp\/v2\/product_tag?post=2771"}],"curies":[{"name":"wp","href":"https:\/\/api.w.org\/{rel}","templated":true}]}}