{"id":2781,"date":"2024-04-28T07:00:56","date_gmt":"2024-04-28T14:00:56","guid":{"rendered":"https:\/\/pocencoffee.com\/?post_type=product&#038;p=2781"},"modified":"2024-04-28T07:00:56","modified_gmt":"2024-04-28T14:00:56","slug":"brosse-de-nettoyage-2-en-1-pour-machine-a-expresso","status":"publish","type":"product","link":"https:\/\/pocencoffee.com\/fr\/product\/brosse-de-nettoyage-2-en-1-pour-machine-a-expresso\/","title":{"rendered":"Brosse de nettoyage 2 en 1 pour machine \u00e0 expresso"},"content":{"rendered":"<p><strong>Brosse de nettoyage 2 en 1 pour machine \u00e0 expresso<\/strong><\/p>\n<p>Il existe deux types de t\u00eates de brosse de nettoyage. Elles permettent de nettoyer les diff\u00e9rents angles de la machine \u00e0 caf\u00e9 espresso.<\/p>\n<p>Il pourrait \u00eatre emball\u00e9 dans un ensemble avec une t\u00eate de nettoyage de 51 mm ou 58 mm.<\/p>\n<p><img fetchpriority=\"high\" decoding=\"async\" class=\"alignnone size-medium wp-image-2784\" src=\"https:\/\/pocencoffee.com\/wp-content\/uploads\/2024\/04\/Brush-B-packaging-300x300.jpg\" alt=\"\" width=\"300\" height=\"300\" title=\"\" srcset=\"https:\/\/pocencoffee.com\/wp-content\/uploads\/2024\/04\/Brush-B-packaging-300x300.jpg 300w, https:\/\/pocencoffee.com\/wp-content\/uploads\/2024\/04\/Brush-B-packaging-150x150.jpg 150w, https:\/\/pocencoffee.com\/wp-content\/uploads\/2024\/04\/Brush-B-packaging-100x100.jpg 100w, https:\/\/pocencoffee.com\/wp-content\/uploads\/2024\/04\/Brush-B-packaging.jpg 600w\" sizes=\"(max-width: 300px) 100vw, 300px\" \/><\/p>","protected":false},"excerpt":{"rendered":"<p>Brosse de nettoyage de la machine \u00e0 caf\u00e9<\/p>\n<p>Mat\u00e9riau : manche en plastique, brosses en nylon.<\/p>\n<p>Emballage : 1 pi\u00e8ce\/sac ;<\/p>\n<p>Couleur : comme sur la photo.<\/p>\n<p>Logo : s\u00e9rigraphie blanche.<\/p>","protected":false},"featured_media":2782,"template":"","meta":[],"product_brand":[],"product_cat":[28],"product_tag":[],"class_list":{"0":"post-2781","1":"product","2":"type-product","3":"status-publish","4":"has-post-thumbnail","6":"product_cat-more-tools","8":"first","9":"instock","10":"shipping-taxable","11":"product-type-simple"},"_links":{"self":[{"href":"https:\/\/pocencoffee.com\/fr\/wp-json\/wp\/v2\/product\/2781","targetHints":{"allow":["GET"]}}],"collection":[{"href":"https:\/\/pocencoffee.com\/fr\/wp-json\/wp\/v2\/product"}],"about":[{"href":"https:\/\/pocencoffee.com\/fr\/wp-json\/wp\/v2\/types\/product"}],"version-history":[{"count":1,"href":"https:\/\/pocencoffee.com\/fr\/wp-json\/wp\/v2\/product\/2781\/revisions"}],"predecessor-version":[{"id":2785,"href":"https:\/\/pocencoffee.com\/fr\/wp-json\/wp\/v2\/product\/2781\/revisions\/2785"}],"wp:featuredmedia":[{"embeddable":true,"href":"https:\/\/pocencoffee.com\/fr\/wp-json\/wp\/v2\/media\/2782"}],"wp:attachment":[{"href":"https:\/\/pocencoffee.com\/fr\/wp-json\/wp\/v2\/media?parent=2781"}],"wp:term":[{"taxonomy":"product_brand","embeddable":true,"href":"https:\/\/pocencoffee.com\/fr\/wp-json\/wp\/v2\/product_brand?post=2781"},{"taxonomy":"product_cat","embeddable":true,"href":"https:\/\/pocencoffee.com\/fr\/wp-json\/wp\/v2\/product_cat?post=2781"},{"taxonomy":"product_tag","embeddable":true,"href":"https:\/\/pocencoffee.com\/fr\/wp-json\/wp\/v2\/product_tag?post=2781"}],"curies":[{"name":"wp","href":"https:\/\/api.w.org\/{rel}","templated":true}]}}