{"id":2809,"date":"2024-04-28T08:13:45","date_gmt":"2024-04-28T15:13:45","guid":{"rendered":"https:\/\/pocencoffee.com\/?post_type=product&#038;p=2809"},"modified":"2024-04-28T08:15:38","modified_gmt":"2024-04-28T15:15:38","slug":"filtre-a-cafe-reutilisable-en-metal","status":"publish","type":"product","link":"https:\/\/pocencoffee.com\/fr\/product\/filtre-a-cafe-reutilisable-en-metal\/","title":{"rendered":"Filtre \u00e0 caf\u00e9 r\u00e9utilisable en m\u00e9tal"},"content":{"rendered":"<p><strong>Filtre \u00e0 caf\u00e9 r\u00e9utilisable en m\u00e9tal<\/strong><\/p>\n<p>Le filtre \u00e0 disque offre de nombreuses options diff\u00e9rentes, avec des \u00e9paisseurs allant de 0,7 mm \u00e0 1,5 mm et diff\u00e9rents diam\u00e8tres.<\/p>\n<p>Son but est de mieux filtrer le caf\u00e9 ; il comporte 5 couches.<\/p>\n<p><img fetchpriority=\"high\" decoding=\"async\" class=\"alignnone size-medium wp-image-2810\" src=\"https:\/\/pocencoffee.com\/wp-content\/uploads\/2024\/04\/Filter-02-300x300.jpg\" alt=\"\" width=\"300\" height=\"300\" title=\"\" srcset=\"https:\/\/pocencoffee.com\/wp-content\/uploads\/2024\/04\/Filter-02-300x300.jpg 300w, https:\/\/pocencoffee.com\/wp-content\/uploads\/2024\/04\/Filter-02-150x150.jpg 150w, https:\/\/pocencoffee.com\/wp-content\/uploads\/2024\/04\/Filter-02-100x100.jpg 100w, https:\/\/pocencoffee.com\/wp-content\/uploads\/2024\/04\/Filter-02.jpg 600w\" sizes=\"(max-width: 300px) 100vw, 300px\" \/><\/p>","protected":false},"excerpt":{"rendered":"<p><strong>filtre \u00e0 caf\u00e9 r\u00e9utilisable<\/strong><\/p>\n<p>Mat\u00e9riau : acier inoxydable 304 ou acier inoxydable 316.<\/p>\n<p>\u00c9paisseur : 0,7 mm \u00e0 1,5 mm.<\/p>\n<p>Diam\u00e8tre : 49 mm - 58,5 mm.<\/p>","protected":false},"featured_media":2811,"template":"","meta":[],"product_brand":[],"product_cat":[28],"product_tag":[],"class_list":{"0":"post-2809","1":"product","2":"type-product","3":"status-publish","4":"has-post-thumbnail","6":"product_cat-more-tools","8":"first","9":"instock","10":"shipping-taxable","11":"product-type-simple"},"_links":{"self":[{"href":"https:\/\/pocencoffee.com\/fr\/wp-json\/wp\/v2\/product\/2809","targetHints":{"allow":["GET"]}}],"collection":[{"href":"https:\/\/pocencoffee.com\/fr\/wp-json\/wp\/v2\/product"}],"about":[{"href":"https:\/\/pocencoffee.com\/fr\/wp-json\/wp\/v2\/types\/product"}],"version-history":[{"count":2,"href":"https:\/\/pocencoffee.com\/fr\/wp-json\/wp\/v2\/product\/2809\/revisions"}],"predecessor-version":[{"id":2814,"href":"https:\/\/pocencoffee.com\/fr\/wp-json\/wp\/v2\/product\/2809\/revisions\/2814"}],"wp:featuredmedia":[{"embeddable":true,"href":"https:\/\/pocencoffee.com\/fr\/wp-json\/wp\/v2\/media\/2811"}],"wp:attachment":[{"href":"https:\/\/pocencoffee.com\/fr\/wp-json\/wp\/v2\/media?parent=2809"}],"wp:term":[{"taxonomy":"product_brand","embeddable":true,"href":"https:\/\/pocencoffee.com\/fr\/wp-json\/wp\/v2\/product_brand?post=2809"},{"taxonomy":"product_cat","embeddable":true,"href":"https:\/\/pocencoffee.com\/fr\/wp-json\/wp\/v2\/product_cat?post=2809"},{"taxonomy":"product_tag","embeddable":true,"href":"https:\/\/pocencoffee.com\/fr\/wp-json\/wp\/v2\/product_tag?post=2809"}],"curies":[{"name":"wp","href":"https:\/\/api.w.org\/{rel}","templated":true}]}}