{"id":2815,"date":"2024-04-28T08:22:52","date_gmt":"2024-04-28T15:22:52","guid":{"rendered":"https:\/\/pocencoffee.com\/?post_type=product&#038;p=2815"},"modified":"2024-04-28T08:22:52","modified_gmt":"2024-04-28T15:22:52","slug":"entonnoir-de-dosage-de-cafe-en-alliage-daluminium","status":"publish","type":"product","link":"https:\/\/pocencoffee.com\/fr\/product\/entonnoir-de-dosage-de-cafe-en-alliage-daluminium\/","title":{"rendered":"Entonnoir doseur \u00e0 caf\u00e9 en alliage d'aluminium"},"content":{"rendered":"<p><strong>Entonnoir doseur \u00e0 caf\u00e9 en alliage d'aluminium<\/strong><\/p>\n<p>Il peut aider \u00e0 recevoir le marc de caf\u00e9 du moulin \u00e0 caf\u00e9, afin d'assurer le d\u00e9bordement du marc de caf\u00e9.<\/p>\n<p><img fetchpriority=\"high\" decoding=\"async\" class=\"alignnone size-medium wp-image-2819\" src=\"https:\/\/pocencoffee.com\/wp-content\/uploads\/2024\/04\/PBB-02-300x300.jpg\" alt=\"\" width=\"300\" height=\"300\" title=\"\" srcset=\"https:\/\/pocencoffee.com\/wp-content\/uploads\/2024\/04\/PBB-02-300x300.jpg 300w, https:\/\/pocencoffee.com\/wp-content\/uploads\/2024\/04\/PBB-02-150x150.jpg 150w, https:\/\/pocencoffee.com\/wp-content\/uploads\/2024\/04\/PBB-02-100x100.jpg 100w, https:\/\/pocencoffee.com\/wp-content\/uploads\/2024\/04\/PBB-02.jpg 600w\" sizes=\"(max-width: 300px) 100vw, 300px\" \/><\/p>","protected":false},"excerpt":{"rendered":"<p><strong>Entonnoir de dosage de caf\u00e9<\/strong><\/p>\n<p>Mat\u00e9riau : alliage d'aluminium.<\/p>\n<p>Taille : 51mm , 53mm , 58mm<\/p>\n<p>Couleur : argent\u00e9, noir ou personnalis\u00e9.<\/p>\n<p>Logo : par laser<\/p>","protected":false},"featured_media":2816,"template":"","meta":[],"product_brand":[],"product_cat":[28],"product_tag":[],"class_list":{"0":"post-2815","1":"product","2":"type-product","3":"status-publish","4":"has-post-thumbnail","6":"product_cat-more-tools","8":"first","9":"instock","10":"shipping-taxable","11":"product-type-simple"},"_links":{"self":[{"href":"https:\/\/pocencoffee.com\/fr\/wp-json\/wp\/v2\/product\/2815","targetHints":{"allow":["GET"]}}],"collection":[{"href":"https:\/\/pocencoffee.com\/fr\/wp-json\/wp\/v2\/product"}],"about":[{"href":"https:\/\/pocencoffee.com\/fr\/wp-json\/wp\/v2\/types\/product"}],"version-history":[{"count":1,"href":"https:\/\/pocencoffee.com\/fr\/wp-json\/wp\/v2\/product\/2815\/revisions"}],"predecessor-version":[{"id":2820,"href":"https:\/\/pocencoffee.com\/fr\/wp-json\/wp\/v2\/product\/2815\/revisions\/2820"}],"wp:featuredmedia":[{"embeddable":true,"href":"https:\/\/pocencoffee.com\/fr\/wp-json\/wp\/v2\/media\/2816"}],"wp:attachment":[{"href":"https:\/\/pocencoffee.com\/fr\/wp-json\/wp\/v2\/media?parent=2815"}],"wp:term":[{"taxonomy":"product_brand","embeddable":true,"href":"https:\/\/pocencoffee.com\/fr\/wp-json\/wp\/v2\/product_brand?post=2815"},{"taxonomy":"product_cat","embeddable":true,"href":"https:\/\/pocencoffee.com\/fr\/wp-json\/wp\/v2\/product_cat?post=2815"},{"taxonomy":"product_tag","embeddable":true,"href":"https:\/\/pocencoffee.com\/fr\/wp-json\/wp\/v2\/product_tag?post=2815"}],"curies":[{"name":"wp","href":"https:\/\/api.w.org\/{rel}","templated":true}]}}