{"id":2821,"date":"2024-04-28T08:23:19","date_gmt":"2024-04-28T15:23:19","guid":{"rendered":"https:\/\/pocencoffee.com\/?post_type=product&#038;p=2821"},"modified":"2024-04-28T08:26:11","modified_gmt":"2024-04-28T15:26:11","slug":"recepteur-magnetique-en-metal-pour-le-marc-de-cafe","status":"publish","type":"product","link":"https:\/\/pocencoffee.com\/fr\/product\/recepteur-magnetique-en-metal-pour-le-marc-de-cafe\/","title":{"rendered":"R\u00e9cipient m\u00e9tallique magn\u00e9tique pour marc de caf\u00e9"},"content":{"rendered":"<p><strong>R\u00e9cipient m\u00e9tallique magn\u00e9tique pour marc de caf\u00e9<\/strong><\/p>\n<p>Il peut aider \u00e0 recevoir le marc de caf\u00e9 du moulin \u00e0 caf\u00e9, afin d'assurer le d\u00e9bordement du marc de caf\u00e9.<\/p>\n<p><img decoding=\"async\" class=\"alignnone size-medium wp-image-2822\" src=\"https:\/\/pocencoffee.com\/wp-content\/uploads\/2024\/04\/PBD1-300x81.jpg\" alt=\"\" width=\"300\" height=\"81\" title=\"\" srcset=\"https:\/\/pocencoffee.com\/wp-content\/uploads\/2024\/04\/PBD1-300x81.jpg 300w, https:\/\/pocencoffee.com\/wp-content\/uploads\/2024\/04\/PBD1-1024x277.jpg 1024w, https:\/\/pocencoffee.com\/wp-content\/uploads\/2024\/04\/PBD1-768x208.jpg 768w, https:\/\/pocencoffee.com\/wp-content\/uploads\/2024\/04\/PBD1-600x162.jpg 600w, https:\/\/pocencoffee.com\/wp-content\/uploads\/2024\/04\/PBD1.jpg 1188w\" sizes=\"(max-width: 300px) 100vw, 300px\" \/><\/p>","protected":false},"excerpt":{"rendered":"<p><strong>r\u00e9cepteur de marc de caf\u00e9, entonnoir de dosage de caf\u00e9.<\/strong><\/p>\n<p>Mat\u00e9riau : alliage d'aluminium.<\/p>\n<p>Taille : 51mm , 53mm , 58mm<\/p>\n<p>Couleur : argent\u00e9, noir ou personnalis\u00e9.<\/p>\n<p>Logo : par laser<\/p>","protected":false},"featured_media":2823,"template":"","meta":[],"product_brand":[],"product_cat":[28],"product_tag":[],"class_list":{"0":"post-2821","1":"product","2":"type-product","3":"status-publish","4":"has-post-thumbnail","6":"product_cat-more-tools","8":"first","9":"instock","10":"shipping-taxable","11":"product-type-simple"},"_links":{"self":[{"href":"https:\/\/pocencoffee.com\/fr\/wp-json\/wp\/v2\/product\/2821","targetHints":{"allow":["GET"]}}],"collection":[{"href":"https:\/\/pocencoffee.com\/fr\/wp-json\/wp\/v2\/product"}],"about":[{"href":"https:\/\/pocencoffee.com\/fr\/wp-json\/wp\/v2\/types\/product"}],"version-history":[{"count":1,"href":"https:\/\/pocencoffee.com\/fr\/wp-json\/wp\/v2\/product\/2821\/revisions"}],"predecessor-version":[{"id":2827,"href":"https:\/\/pocencoffee.com\/fr\/wp-json\/wp\/v2\/product\/2821\/revisions\/2827"}],"wp:featuredmedia":[{"embeddable":true,"href":"https:\/\/pocencoffee.com\/fr\/wp-json\/wp\/v2\/media\/2823"}],"wp:attachment":[{"href":"https:\/\/pocencoffee.com\/fr\/wp-json\/wp\/v2\/media?parent=2821"}],"wp:term":[{"taxonomy":"product_brand","embeddable":true,"href":"https:\/\/pocencoffee.com\/fr\/wp-json\/wp\/v2\/product_brand?post=2821"},{"taxonomy":"product_cat","embeddable":true,"href":"https:\/\/pocencoffee.com\/fr\/wp-json\/wp\/v2\/product_cat?post=2821"},{"taxonomy":"product_tag","embeddable":true,"href":"https:\/\/pocencoffee.com\/fr\/wp-json\/wp\/v2\/product_tag?post=2821"}],"curies":[{"name":"wp","href":"https:\/\/api.w.org\/{rel}","templated":true}]}}