{"id":2835,"date":"2024-04-28T08:37:09","date_gmt":"2024-04-28T15:37:09","guid":{"rendered":"https:\/\/pocencoffee.com\/?post_type=product&#038;p=2835"},"modified":"2024-04-28T08:37:09","modified_gmt":"2024-04-28T15:37:09","slug":"gobelet-de-dosage-de-marc-de-cafe-304ss-de-qualite-alimentaire","status":"publish","type":"product","link":"https:\/\/pocencoffee.com\/fr\/product\/gobelet-de-dosage-de-marc-de-cafe-304ss-de-qualite-alimentaire\/","title":{"rendered":"Cuill\u00e8re doseuse pour caf\u00e9 moulu en acier inoxydable 304 de qualit\u00e9 alimentaire"},"content":{"rendered":"<p><strong>Cuill\u00e8re doseuse pour caf\u00e9 moulu en acier inoxydable 304 de qualit\u00e9 alimentaire<\/strong><\/p>\n<p>Les diam\u00e8tres sont de 51 mm, 53 mm et 58 mm.<\/p>\n<p><img fetchpriority=\"high\" decoding=\"async\" class=\"alignnone size-medium wp-image-2837\" src=\"https:\/\/pocencoffee.com\/wp-content\/uploads\/2024\/04\/PRA-300x300.jpg\" alt=\"\" width=\"300\" height=\"300\" title=\"\" srcset=\"https:\/\/pocencoffee.com\/wp-content\/uploads\/2024\/04\/PRA-300x300.jpg 300w, https:\/\/pocencoffee.com\/wp-content\/uploads\/2024\/04\/PRA-150x150.jpg 150w, https:\/\/pocencoffee.com\/wp-content\/uploads\/2024\/04\/PRA-100x100.jpg 100w, https:\/\/pocencoffee.com\/wp-content\/uploads\/2024\/04\/PRA.jpg 600w\" sizes=\"(max-width: 300px) 100vw, 300px\" \/><\/p>\n<p>&nbsp;<\/p>","protected":false},"excerpt":{"rendered":"<p>Gobelet de dosage de caf\u00e9 en poudre<\/p>\n<p>Mat\u00e9riau : acier inoxydable 304.<\/p>\n<p>Caract\u00e9ristiques : oreilles \u00e0 fixer avec un moulin \u00e0 caf\u00e9.<\/p>\n<p>Taille : 51 mm, 53 mm, 58 mm de diam\u00e8tre.<\/p>","protected":false},"featured_media":2836,"template":"","meta":[],"product_brand":[],"product_cat":[28],"product_tag":[],"class_list":{"0":"post-2835","1":"product","2":"type-product","3":"status-publish","4":"has-post-thumbnail","6":"product_cat-more-tools","8":"first","9":"instock","10":"shipping-taxable","11":"product-type-simple"},"_links":{"self":[{"href":"https:\/\/pocencoffee.com\/fr\/wp-json\/wp\/v2\/product\/2835","targetHints":{"allow":["GET"]}}],"collection":[{"href":"https:\/\/pocencoffee.com\/fr\/wp-json\/wp\/v2\/product"}],"about":[{"href":"https:\/\/pocencoffee.com\/fr\/wp-json\/wp\/v2\/types\/product"}],"version-history":[{"count":1,"href":"https:\/\/pocencoffee.com\/fr\/wp-json\/wp\/v2\/product\/2835\/revisions"}],"predecessor-version":[{"id":2842,"href":"https:\/\/pocencoffee.com\/fr\/wp-json\/wp\/v2\/product\/2835\/revisions\/2842"}],"wp:featuredmedia":[{"embeddable":true,"href":"https:\/\/pocencoffee.com\/fr\/wp-json\/wp\/v2\/media\/2836"}],"wp:attachment":[{"href":"https:\/\/pocencoffee.com\/fr\/wp-json\/wp\/v2\/media?parent=2835"}],"wp:term":[{"taxonomy":"product_brand","embeddable":true,"href":"https:\/\/pocencoffee.com\/fr\/wp-json\/wp\/v2\/product_brand?post=2835"},{"taxonomy":"product_cat","embeddable":true,"href":"https:\/\/pocencoffee.com\/fr\/wp-json\/wp\/v2\/product_cat?post=2835"},{"taxonomy":"product_tag","embeddable":true,"href":"https:\/\/pocencoffee.com\/fr\/wp-json\/wp\/v2\/product_tag?post=2835"}],"curies":[{"name":"wp","href":"https:\/\/api.w.org\/{rel}","templated":true}]}}